{"id":1755,"date":"2017-02-10T11:02:51","date_gmt":"2017-02-10T10:02:51","guid":{"rendered":"https:\/\/ryf2.team8.ch\/erste-beratung-und-abklaerung\/"},"modified":"2018-12-31T09:15:53","modified_gmt":"2018-12-31T08:15:53","slug":"consultation","status":"publish","type":"page","link":"https:\/\/ryf2.team8.ch\/en\/consultation\/","title":{"rendered":"Consultation"},"content":{"rendered":"<section class=\"l-section wpb_row height_auto width_full\"><div class=\"l-section-h i-cf\"><div class=\"g-cols vc_row via_flex valign_top type_default stacking_default\"><div class=\"vc_col-sm-12 wpb_column vc_column_container\"><div class=\"vc_column-inner\"><div class=\"wpb_wrapper\"><div id=\"ult-carousel-59822006269e3a3c3c8431\" class=\"ult-carousel-wrapper   ult_horizontal\" data-gutter=\"\" data-rtl=\"false\" ><div class=\"ult-carousel-202251961269e3a3c3c82f1 \" ><div class=\"ult-item-wrap\" data-animation=\"animated no-animation\"><div class=\"w-image align_none\"><div class=\"w-image-h\"><img decoding=\"async\" width=\"1920\" height=\"500\" src=\"https:\/\/ryf2.team8.ch\/wp-content\/uploads\/2017\/02\/beratung-1.jpg\" class=\"attachment-full size-full\" alt=\"\" loading=\"lazy\" srcset=\"https:\/\/ryf2.team8.ch\/wp-content\/uploads\/2017\/02\/beratung-1.jpg 1920w, https:\/\/ryf2.team8.ch\/wp-content\/uploads\/2017\/02\/beratung-1-300x78.jpg 300w, https:\/\/ryf2.team8.ch\/wp-content\/uploads\/2017\/02\/beratung-1-768x200.jpg 768w, https:\/\/ryf2.team8.ch\/wp-content\/uploads\/2017\/02\/beratung-1-1024x267.jpg 1024w, https:\/\/ryf2.team8.ch\/wp-content\/uploads\/2017\/02\/beratung-1-600x156.jpg 600w\" sizes=\"auto, (max-width: 1920px) 100vw, 1920px\" \/><\/div><\/div><\/div><div class=\"ult-item-wrap\" data-animation=\"animated no-animation\"><div class=\"w-image align_none\"><div class=\"w-image-h\"><img decoding=\"async\" width=\"1920\" height=\"500\" src=\"https:\/\/ryf2.team8.ch\/wp-content\/uploads\/2017\/02\/Nacht-10-1.jpg\" class=\"attachment-full size-full\" alt=\"\" loading=\"lazy\" srcset=\"https:\/\/ryf2.team8.ch\/wp-content\/uploads\/2017\/02\/Nacht-10-1.jpg 1920w, https:\/\/ryf2.team8.ch\/wp-content\/uploads\/2017\/02\/Nacht-10-1-300x78.jpg 300w, https:\/\/ryf2.team8.ch\/wp-content\/uploads\/2017\/02\/Nacht-10-1-768x200.jpg 768w, https:\/\/ryf2.team8.ch\/wp-content\/uploads\/2017\/02\/Nacht-10-1-1024x267.jpg 1024w, https:\/\/ryf2.team8.ch\/wp-content\/uploads\/2017\/02\/Nacht-10-1-600x156.jpg 600w\" sizes=\"auto, (max-width: 1920px) 100vw, 1920px\" \/><\/div><\/div><\/div><div class=\"ult-item-wrap\" data-animation=\"animated no-animation\"><div class=\"w-image align_none\"><div class=\"w-image-h\"><img decoding=\"async\" width=\"1920\" height=\"500\" src=\"https:\/\/ryf2.team8.ch\/wp-content\/uploads\/2017\/02\/5-1.jpg\" class=\"attachment-full size-full\" alt=\"\" loading=\"lazy\" srcset=\"https:\/\/ryf2.team8.ch\/wp-content\/uploads\/2017\/02\/5-1.jpg 1920w, https:\/\/ryf2.team8.ch\/wp-content\/uploads\/2017\/02\/5-1-300x78.jpg 300w, https:\/\/ryf2.team8.ch\/wp-content\/uploads\/2017\/02\/5-1-768x200.jpg 768w, https:\/\/ryf2.team8.ch\/wp-content\/uploads\/2017\/02\/5-1-1024x267.jpg 1024w, https:\/\/ryf2.team8.ch\/wp-content\/uploads\/2017\/02\/5-1-600x156.jpg 600w\" sizes=\"auto, (max-width: 1920px) 100vw, 1920px\" \/><\/div><\/div><\/div><\/div><\/div>\t\t\t<script type=\"text\/javascript\">\n\t\t\t\tjQuery(document).ready(function ($) {\n\t\t\t\t\tif( typeof jQuery('.ult-carousel-202251961269e3a3c3c82f1').slick == \"function\"){\n\t\t\t\t\t\t$('.ult-carousel-202251961269e3a3c3c82f1').slick({dots: false,autoplay: true,autoplaySpeed: 5000,speed: 300,infinite: true,arrows: false,slidesToScroll:1,slidesToShow:1,swipe: true,draggable: true,touchMove: true,pauseOnHover: true,pauseOnFocus: false,responsive: [\n\t\t\t\t\t\t\t{\n\t\t\t\t\t\t\t  breakpoint: 1026,\n\t\t\t\t\t\t\t  settings: {\n\t\t\t\t\t\t\t\tslidesToShow: 1,\n\t\t\t\t\t\t\t\tslidesToScroll: 1,  \n\t\t\t\t\t\t\t  }\n\t\t\t\t\t\t\t},\n\t\t\t\t\t\t\t{\n\t\t\t\t\t\t\t  breakpoint: 1025,\n\t\t\t\t\t\t\t  settings: {\n\t\t\t\t\t\t\t\tslidesToShow: 1,\n\t\t\t\t\t\t\t\tslidesToScroll: 1\n\t\t\t\t\t\t\t  }\n\t\t\t\t\t\t\t},\n\t\t\t\t\t\t\t{\n\t\t\t\t\t\t\t  breakpoint: 760,\n\t\t\t\t\t\t\t  settings: {\n\t\t\t\t\t\t\t\tslidesToShow: 1,\n\t\t\t\t\t\t\t\tslidesToScroll: 1\n\t\t\t\t\t\t\t  }\n\t\t\t\t\t\t\t}\n\t\t\t\t\t\t],pauseOnDotsHover: true,customPaging: function(slider, i) {\n                   return '<i type=\"button\" style= \"color:#333333;\" class=\"ultsl-record\" data-role=\"none\"><\/i>';\n                },});\n\t\t\t\t\t}\n\t\t\t\t});\n\t\t\t<\/script>\n\t\t\t<\/div><\/div><\/div><\/div><\/div><\/section><!-- Row Backgrounds --><div class=\"upb_color\" data-bg-override=\"0\" data-bg-color=\"#ffffff\" data-fadeout=\"\" data-fadeout-percentage=\"30\" data-parallax-content=\"\" data-parallax-content-sense=\"30\" data-row-effect-mobile-disable=\"true\" data-img-parallax-mobile-disable=\"true\" data-rtl=\"false\"  data-custom-vc-row=\"\"  data-vc=\"7.6\"  data-is_old_vc=\"\"  data-theme-support=\"\"   data-overlay=\"false\" data-overlay-color=\"\" data-overlay-pattern=\"\" data-overlay-pattern-opacity=\"\" data-overlay-pattern-size=\"\"    data-seperator=\"true\"  data-seperator-type=\"curve_up_seperator\"  data-seperator-shape-size=\"40\"  data-seperator-svg-height=\"125\"  data-seperator-full-width=\"true\" data-seperator-position=\"bottom_seperator\"  data-seperator-background-color=\"#ffffff\"  data-icon=\"\"  ><\/div><section class=\"l-section wpb_row height_small\"><div class=\"l-section-h i-cf\"><div class=\"g-cols vc_row via_flex valign_top type_default stacking_default\"><div class=\"vc_col-sm-12 wpb_column vc_column_container\"><div class=\"vc_column-inner\"><div class=\"wpb_wrapper\"><div class=\"wpb_text_column\"><div class=\"wpb_wrapper\"><h2>INITIAL CONSULTATION AND ORTHODONTIC ASSESSMENT<\/h2>\n<p>In general, it is your dentist who will recommend that you or your child visit or consult with an Orthodontics Specialist (CH). Of course, you can also arrange an initial consultation by your own initiative if you have any concerns (<a href=\"\/en\/contact\">go to contact form<\/a>).<\/p>\n<p>For children, the first consultation should take place ideally at the <span style=\"color: #ff0000\">age of 9 or 10<\/span>. However, orthodontics has no age limit and treatments are also possible for adults.<\/p>\n<p>During the <span style=\"color: #0087d0\"><strong>first consultation<\/strong><\/span>, we will examine the jaw and positioning of the teeth. We will give you information about the possibilities for correction, the timeframe, the duration of treatment and the approximate cost.<\/p>\n<p>If a jaw or tooth adjustment appears to be necessary, sensible or desired, the next step would be to prepare the appropriate orthodontic planning documentation, such as photos, models of the jaw, as well as special digital x-rays and, if necessary, 3D images.<\/p>\n<p>This <span style=\"color: #0087d0\"><strong>orthodontic examination<\/strong><\/span> is the pre-requisite for establishing an individual treatment plan and includes additional appointments for personal and detailed discussions with you or with parents and their child.<\/p>\n<p>During this <span style=\"color: #0087d0\"><strong>session<\/strong><\/span>, you will receive a written cost estimate for the treatment.<\/p>\n<p>You will also be advised about the possibility of covering part of the cost with supplementary insurance. In each case, we will also verify if the basic health insurance or, in rare cases, the Swiss Federal Disability Insurance (IV) will cover all or part of the treatment cost.<\/p>\n<\/div><\/div><div class=\" ubtn-ctn-left \"><a class=\"ubtn-link ult-adjust-bottom-margin ubtn-left ubtn-normal \" href=\"https:\/\/onlineagenda.zawin.ch\/k0466_01\/Agenda\/Index\" target=\"_blank\" rel=\"noopener\" ><button type=\"button\" id=\"ubtn-6585\"  class=\"ubtn ult-adjust-bottom-margin ult-responsive ubtn-normal ubtn-no-hover-bg  none  ubtn-left   tooltip-69e3a3c3d0c68\"  data-hover=\"#ffffff\" data-border-color=\"\" data-bg=\"#008bd2\" data-hover-bg=\"#36abe2\" data-border-hover=\"\" data-shadow-hover=\"\" data-shadow-click=\"none\" data-shadow=\"\" data-shd-shadow=\"\"  data-ultimate-target='#ubtn-6585'  data-responsive-json-new='{\"font-size\":\"\",\"line-height\":\"\"}'  style=\"font-weight:normal;border:none;background: #008bd2;color: #ffffff;\"><span class=\"ubtn-hover\" style=\"background-color:#36abe2\"><\/span><span class=\"ubtn-data ubtn-text \" >MAKE AN APPOINTMENT ONLINE<\/span><\/button><\/a><\/div><div class=\"w-separator size_custom\" style=\"height:50px\"><\/div><\/div><\/div><\/div><\/div><\/div><\/section>\n","protected":false},"excerpt":{"rendered":"INITIAL CONSULTATION AND ORTHODONTIC ASSESSMENT In general, it is your dentist who will recommend that you or your child visit or consult with an Orthodontics Specialist (CH). Of course, you can also arrange an initial consultation by your own initiative if you have any concerns (go to contact form). For children, the first consultation should...","protected":false},"author":1,"featured_media":0,"parent":0,"menu_order":0,"comment_status":"closed","ping_status":"closed","template":"","meta":{"footnotes":""},"class_list":["post-1755","page","type-page","status-publish","hentry"],"yoast_head":"<!-- This site is optimized with the Yoast SEO plugin v26.4 - https:\/\/yoast.com\/wordpress\/plugins\/seo\/ -->\n<title>Consultation - Dr. med. dent. Sacha Ryf<\/title>\n<meta name=\"description\" content=\"Die modernsten Behandlungsm\u00f6glichkeiten der Kieferorthop\u00e4die in Biel und im Seeland f\u00fcr Kinder, Jugendliche und Erwachsene\" \/>\n<meta name=\"robots\" content=\"noindex, follow, max-snippet:-1, max-image-preview:large, max-video-preview:-1\" \/>\n<meta property=\"og:locale\" content=\"en_US\" \/>\n<meta property=\"og:type\" content=\"article\" \/>\n<meta property=\"og:title\" content=\"Consultation - Dr. med. dent. Sacha Ryf\" \/>\n<meta property=\"og:description\" content=\"Die modernsten Behandlungsm\u00f6glichkeiten der Kieferorthop\u00e4die in Biel und im Seeland f\u00fcr Kinder, Jugendliche und Erwachsene\" \/>\n<meta property=\"og:url\" content=\"https:\/\/ryf2.team8.ch\/en\/consultation\/\" \/>\n<meta property=\"og:site_name\" content=\"Dr. med. dent. Sacha Ryf\" \/>\n<meta property=\"article:publisher\" content=\"https:\/\/www.facebook.com\/Dr-med-dent-Sacha-Ryf-Fachzahnarzt-f%c3%bcr-Kieferorthop%c3%a4die-CH-297929510749713\" \/>\n<meta property=\"article:modified_time\" content=\"2018-12-31T08:15:53+00:00\" \/>\n<meta name=\"twitter:card\" content=\"summary_large_image\" \/>\n<meta name=\"twitter:label1\" content=\"Est. reading time\" \/>\n\t<meta name=\"twitter:data1\" content=\"2 minutes\" \/>\n<script type=\"application\/ld+json\" class=\"yoast-schema-graph\">{\"@context\":\"https:\/\/schema.org\",\"@graph\":[{\"@type\":\"WebPage\",\"@id\":\"https:\/\/ryf2.team8.ch\/en\/consultation\/\",\"url\":\"https:\/\/ryf2.team8.ch\/en\/consultation\/\",\"name\":\"Consultation - Dr. med. dent. Sacha Ryf\",\"isPartOf\":{\"@id\":\"https:\/\/ryf2.team8.ch\/#website\"},\"datePublished\":\"2017-02-10T10:02:51+00:00\",\"dateModified\":\"2018-12-31T08:15:53+00:00\",\"description\":\"Die modernsten Behandlungsm\u00f6glichkeiten der Kieferorthop\u00e4die in Biel und im Seeland f\u00fcr Kinder, Jugendliche und Erwachsene\",\"breadcrumb\":{\"@id\":\"https:\/\/ryf2.team8.ch\/en\/consultation\/#breadcrumb\"},\"inLanguage\":\"en-US\",\"potentialAction\":[{\"@type\":\"ReadAction\",\"target\":[\"https:\/\/ryf2.team8.ch\/en\/consultation\/\"]}]},{\"@type\":\"BreadcrumbList\",\"@id\":\"https:\/\/ryf2.team8.ch\/en\/consultation\/#breadcrumb\",\"itemListElement\":[{\"@type\":\"ListItem\",\"position\":1,\"name\":\"Startseite\",\"item\":\"https:\/\/ryf2.team8.ch\/en\/\"},{\"@type\":\"ListItem\",\"position\":2,\"name\":\"Consultation\"}]},{\"@type\":\"WebSite\",\"@id\":\"https:\/\/ryf2.team8.ch\/#website\",\"url\":\"https:\/\/ryf2.team8.ch\/\",\"name\":\"Dr. med. dent. Sacha Ryf\",\"description\":\"Fachzahnarzt f\u00fcr Kieferorthop\u00e4die (CH) Biel \/ Bienne\",\"publisher\":{\"@id\":\"https:\/\/ryf2.team8.ch\/#organization\"},\"potentialAction\":[{\"@type\":\"SearchAction\",\"target\":{\"@type\":\"EntryPoint\",\"urlTemplate\":\"https:\/\/ryf2.team8.ch\/?s={search_term_string}\"},\"query-input\":{\"@type\":\"PropertyValueSpecification\",\"valueRequired\":true,\"valueName\":\"search_term_string\"}}],\"inLanguage\":\"en-US\"},{\"@type\":\"Organization\",\"@id\":\"https:\/\/ryf2.team8.ch\/#organization\",\"name\":\"Dr. Sacha Ryf\",\"url\":\"https:\/\/ryf2.team8.ch\/\",\"logo\":{\"@type\":\"ImageObject\",\"inLanguage\":\"en-US\",\"@id\":\"https:\/\/ryf2.team8.ch\/#\/schema\/logo\/image\/\",\"url\":\"https:\/\/ryf2.team8.ch\/wp-content\/uploads\/2019\/01\/ryf-logo-mobile.png\",\"contentUrl\":\"https:\/\/ryf2.team8.ch\/wp-content\/uploads\/2019\/01\/ryf-logo-mobile.png\",\"width\":150,\"height\":150,\"caption\":\"Dr. Sacha Ryf\"},\"image\":{\"@id\":\"https:\/\/ryf2.team8.ch\/#\/schema\/logo\/image\/\"},\"sameAs\":[\"https:\/\/www.facebook.com\/Dr-med-dent-Sacha-Ryf-Fachzahnarzt-f\u00fcr-Kieferorthop\u00e4die-CH-297929510749713\",\"https:\/\/www.instagram.com\/dr.sacharyf\/\"]}]}<\/script>\n<!-- \/ Yoast SEO plugin. -->","yoast_head_json":{"title":"Consultation - Dr. med. dent. Sacha Ryf","description":"Die modernsten Behandlungsm\u00f6glichkeiten der Kieferorthop\u00e4die in Biel und im Seeland f\u00fcr Kinder, Jugendliche und Erwachsene","robots":{"index":"noindex","follow":"follow","max-snippet":"max-snippet:-1","max-image-preview":"max-image-preview:large","max-video-preview":"max-video-preview:-1"},"og_locale":"en_US","og_type":"article","og_title":"Consultation - Dr. med. dent. Sacha Ryf","og_description":"Die modernsten Behandlungsm\u00f6glichkeiten der Kieferorthop\u00e4die in Biel und im Seeland f\u00fcr Kinder, Jugendliche und Erwachsene","og_url":"https:\/\/ryf2.team8.ch\/en\/consultation\/","og_site_name":"Dr. med. dent. Sacha Ryf","article_publisher":"https:\/\/www.facebook.com\/Dr-med-dent-Sacha-Ryf-Fachzahnarzt-f%c3%bcr-Kieferorthop%c3%a4die-CH-297929510749713","article_modified_time":"2018-12-31T08:15:53+00:00","twitter_card":"summary_large_image","twitter_misc":{"Est. reading time":"2 minutes"},"schema":{"@context":"https:\/\/schema.org","@graph":[{"@type":"WebPage","@id":"https:\/\/ryf2.team8.ch\/en\/consultation\/","url":"https:\/\/ryf2.team8.ch\/en\/consultation\/","name":"Consultation - Dr. med. dent. Sacha Ryf","isPartOf":{"@id":"https:\/\/ryf2.team8.ch\/#website"},"datePublished":"2017-02-10T10:02:51+00:00","dateModified":"2018-12-31T08:15:53+00:00","description":"Die modernsten Behandlungsm\u00f6glichkeiten der Kieferorthop\u00e4die in Biel und im Seeland f\u00fcr Kinder, Jugendliche und Erwachsene","breadcrumb":{"@id":"https:\/\/ryf2.team8.ch\/en\/consultation\/#breadcrumb"},"inLanguage":"en-US","potentialAction":[{"@type":"ReadAction","target":["https:\/\/ryf2.team8.ch\/en\/consultation\/"]}]},{"@type":"BreadcrumbList","@id":"https:\/\/ryf2.team8.ch\/en\/consultation\/#breadcrumb","itemListElement":[{"@type":"ListItem","position":1,"name":"Startseite","item":"https:\/\/ryf2.team8.ch\/en\/"},{"@type":"ListItem","position":2,"name":"Consultation"}]},{"@type":"WebSite","@id":"https:\/\/ryf2.team8.ch\/#website","url":"https:\/\/ryf2.team8.ch\/","name":"Dr. med. dent. Sacha Ryf","description":"Fachzahnarzt f\u00fcr Kieferorthop\u00e4die (CH) Biel \/ Bienne","publisher":{"@id":"https:\/\/ryf2.team8.ch\/#organization"},"potentialAction":[{"@type":"SearchAction","target":{"@type":"EntryPoint","urlTemplate":"https:\/\/ryf2.team8.ch\/?s={search_term_string}"},"query-input":{"@type":"PropertyValueSpecification","valueRequired":true,"valueName":"search_term_string"}}],"inLanguage":"en-US"},{"@type":"Organization","@id":"https:\/\/ryf2.team8.ch\/#organization","name":"Dr. Sacha Ryf","url":"https:\/\/ryf2.team8.ch\/","logo":{"@type":"ImageObject","inLanguage":"en-US","@id":"https:\/\/ryf2.team8.ch\/#\/schema\/logo\/image\/","url":"https:\/\/ryf2.team8.ch\/wp-content\/uploads\/2019\/01\/ryf-logo-mobile.png","contentUrl":"https:\/\/ryf2.team8.ch\/wp-content\/uploads\/2019\/01\/ryf-logo-mobile.png","width":150,"height":150,"caption":"Dr. Sacha Ryf"},"image":{"@id":"https:\/\/ryf2.team8.ch\/#\/schema\/logo\/image\/"},"sameAs":["https:\/\/www.facebook.com\/Dr-med-dent-Sacha-Ryf-Fachzahnarzt-f\u00fcr-Kieferorthop\u00e4die-CH-297929510749713","https:\/\/www.instagram.com\/dr.sacharyf\/"]}]}},"_links":{"self":[{"href":"https:\/\/ryf2.team8.ch\/en\/wp-json\/wp\/v2\/pages\/1755","targetHints":{"allow":["GET"]}}],"collection":[{"href":"https:\/\/ryf2.team8.ch\/en\/wp-json\/wp\/v2\/pages"}],"about":[{"href":"https:\/\/ryf2.team8.ch\/en\/wp-json\/wp\/v2\/types\/page"}],"author":[{"embeddable":true,"href":"https:\/\/ryf2.team8.ch\/en\/wp-json\/wp\/v2\/users\/1"}],"replies":[{"embeddable":true,"href":"https:\/\/ryf2.team8.ch\/en\/wp-json\/wp\/v2\/comments?post=1755"}],"version-history":[{"count":0,"href":"https:\/\/ryf2.team8.ch\/en\/wp-json\/wp\/v2\/pages\/1755\/revisions"}],"wp:attachment":[{"href":"https:\/\/ryf2.team8.ch\/en\/wp-json\/wp\/v2\/media?parent=1755"}],"curies":[{"name":"wp","href":"https:\/\/api.w.org\/{rel}","templated":true}]}}