{"id":5664,"date":"2023-08-16T08:33:10","date_gmt":"2023-08-16T06:33:10","guid":{"rendered":"https:\/\/ryf2.team8.ch\/enfants\/"},"modified":"2023-09-11T10:32:32","modified_gmt":"2023-09-11T08:32:32","slug":"enfants","status":"publish","type":"page","link":"https:\/\/ryf2.team8.ch\/fr\/enfants\/","title":{"rendered":"Enfants"},"content":{"rendered":"<section class=\"l-section wpb_row height_auto width_full\"><div class=\"l-section-h i-cf\"><div class=\"g-cols vc_row via_flex valign_top type_default stacking_default\"><div class=\"vc_col-sm-12 wpb_column vc_column_container\"><div class=\"vc_column-inner\"><div class=\"wpb_wrapper\"><section class=\"l-section wpb_row height_auto width_full\"><div class=\"l-section-h i-cf\"><div class=\"g-cols vc_row via_flex valign_top type_default stacking_default\"><div class=\"vc_col-sm-12 wpb_column vc_column_container\"><div class=\"vc_column-inner\"><div class=\"wpb_wrapper\"><div id=\"ult-carousel-56821573869e3a368e21eb\" class=\"ult-carousel-wrapper   ult_horizontal\" data-gutter=\"\" data-rtl=\"false\" ><div class=\"ult-carousel-132170021169e3a368e20db \" ><div class=\"ult-item-wrap\" data-animation=\"animated no-animation\"><div class=\"w-image has_ratio align_none\"><div class=\"w-image-h\"><div style=\"padding-bottom:33.3333%\"><\/div><img decoding=\"async\" width=\"1920\" height=\"845\" src=\"https:\/\/ryf2.team8.ch\/wp-content\/uploads\/2023\/07\/slide-invisalign.jpg\" class=\"attachment-full size-full\" alt=\"\" loading=\"lazy\" srcset=\"https:\/\/ryf2.team8.ch\/wp-content\/uploads\/2023\/07\/slide-invisalign.jpg 1920w, https:\/\/ryf2.team8.ch\/wp-content\/uploads\/2023\/07\/slide-invisalign-300x132.jpg 300w, https:\/\/ryf2.team8.ch\/wp-content\/uploads\/2023\/07\/slide-invisalign-1024x451.jpg 1024w, https:\/\/ryf2.team8.ch\/wp-content\/uploads\/2023\/07\/slide-invisalign-600x264.jpg 600w, https:\/\/ryf2.team8.ch\/wp-content\/uploads\/2023\/07\/slide-invisalign-768x338.jpg 768w\" sizes=\"auto, (max-width: 1920px) 100vw, 1920px\" \/><\/div><\/div><\/div><div class=\"ult-item-wrap\" data-animation=\"animated no-animation\"><div class=\"w-image has_ratio align_none\"><div class=\"w-image-h\"><div style=\"padding-bottom:33.3333%\"><\/div><img decoding=\"async\" width=\"2048\" height=\"1365\" src=\"https:\/\/ryf2.team8.ch\/wp-content\/uploads\/2023\/03\/emg_Klinik_Sacha_Ryf_11-scaled.jpg\" class=\"attachment-full size-full\" alt=\"\" loading=\"lazy\" srcset=\"https:\/\/ryf2.team8.ch\/wp-content\/uploads\/2023\/03\/emg_Klinik_Sacha_Ryf_11-scaled.jpg 2048w, https:\/\/ryf2.team8.ch\/wp-content\/uploads\/2023\/03\/emg_Klinik_Sacha_Ryf_11-300x200.jpg 300w, https:\/\/ryf2.team8.ch\/wp-content\/uploads\/2023\/03\/emg_Klinik_Sacha_Ryf_11-1024x683.jpg 1024w, https:\/\/ryf2.team8.ch\/wp-content\/uploads\/2023\/03\/emg_Klinik_Sacha_Ryf_11-600x400.jpg 600w, https:\/\/ryf2.team8.ch\/wp-content\/uploads\/2023\/03\/emg_Klinik_Sacha_Ryf_11-768x512.jpg 768w\" sizes=\"auto, (max-width: 2048px) 100vw, 2048px\" \/><\/div><\/div><\/div><div class=\"ult-item-wrap\" data-animation=\"animated no-animation\"><div class=\"w-image has_ratio align_none\"><div class=\"w-image-h\"><div style=\"padding-bottom:33.3333%\"><\/div><img decoding=\"async\" width=\"2048\" height=\"1363\" src=\"https:\/\/ryf2.team8.ch\/wp-content\/uploads\/2023\/03\/LOBBY-and-LOUNGE-scaled.jpg\" class=\"attachment-full size-full\" alt=\"\" loading=\"lazy\" srcset=\"https:\/\/ryf2.team8.ch\/wp-content\/uploads\/2023\/03\/LOBBY-and-LOUNGE-scaled.jpg 2048w, https:\/\/ryf2.team8.ch\/wp-content\/uploads\/2023\/03\/LOBBY-and-LOUNGE-300x200.jpg 300w, https:\/\/ryf2.team8.ch\/wp-content\/uploads\/2023\/03\/LOBBY-and-LOUNGE-1024x681.jpg 1024w, https:\/\/ryf2.team8.ch\/wp-content\/uploads\/2023\/03\/LOBBY-and-LOUNGE-600x400.jpg 600w, https:\/\/ryf2.team8.ch\/wp-content\/uploads\/2023\/03\/LOBBY-and-LOUNGE-768x511.jpg 768w\" sizes=\"auto, (max-width: 2048px) 100vw, 2048px\" \/><\/div><\/div><\/div><\/div><\/div>\t\t\t<script type=\"text\/javascript\">\n\t\t\t\tjQuery(document).ready(function ($) {\n\t\t\t\t\tif( typeof jQuery('.ult-carousel-132170021169e3a368e20db').slick == \"function\"){\n\t\t\t\t\t\t$('.ult-carousel-132170021169e3a368e20db').slick({dots: false,autoplay: true,autoplaySpeed: 5000,speed: 300,infinite: true,arrows: false,slidesToScroll:1,slidesToShow:1,swipe: true,draggable: true,touchMove: true,pauseOnHover: true,pauseOnFocus: false,responsive: [\n\t\t\t\t\t\t\t{\n\t\t\t\t\t\t\t  breakpoint: 1026,\n\t\t\t\t\t\t\t  settings: {\n\t\t\t\t\t\t\t\tslidesToShow: 1,\n\t\t\t\t\t\t\t\tslidesToScroll: 1,  \n\t\t\t\t\t\t\t  }\n\t\t\t\t\t\t\t},\n\t\t\t\t\t\t\t{\n\t\t\t\t\t\t\t  breakpoint: 1025,\n\t\t\t\t\t\t\t  settings: {\n\t\t\t\t\t\t\t\tslidesToShow: 1,\n\t\t\t\t\t\t\t\tslidesToScroll: 1\n\t\t\t\t\t\t\t  }\n\t\t\t\t\t\t\t},\n\t\t\t\t\t\t\t{\n\t\t\t\t\t\t\t  breakpoint: 760,\n\t\t\t\t\t\t\t  settings: {\n\t\t\t\t\t\t\t\tslidesToShow: 1,\n\t\t\t\t\t\t\t\tslidesToScroll: 1\n\t\t\t\t\t\t\t  }\n\t\t\t\t\t\t\t}\n\t\t\t\t\t\t],pauseOnDotsHover: true,customPaging: function(slider, i) {\n                   return '<i type=\"button\" style= \"color:#333333;\" class=\"ultsl-record\" data-role=\"none\"><\/i>';\n                },});\n\t\t\t\t\t}\n\t\t\t\t});\n\t\t\t<\/script>\n\t\t\t<\/div><\/div><\/div><\/div><\/div><\/section><!-- Row Backgrounds --><div class=\"upb_color\" data-bg-override=\"0\" data-bg-color=\"#ffffff\" data-fadeout=\"\" data-fadeout-percentage=\"30\" data-parallax-content=\"\" data-parallax-content-sense=\"30\" data-row-effect-mobile-disable=\"true\" data-img-parallax-mobile-disable=\"true\" data-rtl=\"false\"  data-custom-vc-row=\"\"  data-vc=\"7.6\"  data-is_old_vc=\"\"  data-theme-support=\"\"   data-overlay=\"false\" data-overlay-color=\"\" data-overlay-pattern=\"\" data-overlay-pattern-opacity=\"\" data-overlay-pattern-size=\"\"    data-seperator=\"true\"  data-seperator-type=\"curve_up_seperator\"  data-seperator-shape-size=\"40\"  data-seperator-svg-height=\"125\"  data-seperator-full-width=\"true\" data-seperator-position=\"bottom_seperator\"  data-seperator-background-color=\"#ffffff\"  data-icon=\"\"  ><\/div>\n<\/div><\/div><\/div><\/div><\/div><\/section><!-- Row Backgrounds --><div class=\"upb_color\" data-bg-override=\"0\" data-bg-color=\"#ffffff\" data-fadeout=\"\" data-fadeout-percentage=\"30\" data-parallax-content=\"\" data-parallax-content-sense=\"30\" data-row-effect-mobile-disable=\"true\" data-img-parallax-mobile-disable=\"true\" data-rtl=\"false\"  data-custom-vc-row=\"\"  data-vc=\"7.6\"  data-is_old_vc=\"\"  data-theme-support=\"\"   data-overlay=\"false\" data-overlay-color=\"\" data-overlay-pattern=\"\" data-overlay-pattern-opacity=\"\" data-overlay-pattern-size=\"\"    data-seperator=\"true\"  data-seperator-type=\"curve_up_seperator\"  data-seperator-shape-size=\"40\"  data-seperator-svg-height=\"125\"  data-seperator-full-width=\"true\" data-seperator-position=\"bottom_seperator\"  data-seperator-background-color=\"#ffffff\"  data-icon=\"\"  ><\/div><section class=\"l-section wpb_row height_small\"><div class=\"l-section-h i-cf\"><div class=\"g-cols vc_row via_flex valign_top type_default stacking_default\"><div class=\"vc_col-sm-12 wpb_column vc_column_container\"><div class=\"vc_column-inner\"><div class=\"wpb_wrapper\"><div class=\"wpb_text_column\"><div class=\"wpb_wrapper\"><h1>Enfants<\/h1>\n<\/div><\/div><div class=\"g-cols wpb_row via_flex valign_top type_default stacking_default\"><div class=\"vc_col-sm-4 wpb_column vc_column_container\"><div class=\"vc_column-inner\"><div class=\"wpb_wrapper\"><div class=\"w-popup align_center\"><button class=\"w-popup-trigger type_image\" aria-label=\"Popup\"><img loading=\"lazy\" decoding=\"async\" width=\"640\" height=\"480\" src=\"https:\/\/ryf2.team8.ch\/wp-content\/uploads\/2017\/02\/12-2.jpg\" class=\"attachment-large size-large\" alt=\"\" srcset=\"https:\/\/ryf2.team8.ch\/wp-content\/uploads\/2017\/02\/12-2.jpg 640w, https:\/\/ryf2.team8.ch\/wp-content\/uploads\/2017\/02\/12-2-300x225.jpg 300w, https:\/\/ryf2.team8.ch\/wp-content\/uploads\/2017\/02\/12-2-600x450.jpg 600w, https:\/\/ryf2.team8.ch\/wp-content\/uploads\/2017\/02\/12-2-344x258.jpg 344w\" sizes=\"auto, (max-width: 640px) 100vw, 640px\" \/><\/button><div class=\"w-popup-overlay\" style=\"background:rgba(30,115,190,0.14);\"><\/div><div class=\"w-popup-wrap layout_default\" style=\"--title-color:var(--color-content-heading);--title-bg-color:var(--color-content-bg-alt);--content-color:var(--color-content-text);--content-bg-color:var(--color-content-bg);--popup-border-radius:15;--popup-width:600px;\"><div class=\"w-popup-box animation_fadeIn closerpos_outside without_title\"><div class=\"w-popup-box-h\"><div class=\"w-popup-box-content\"><p><video controls=\"controls\" width=\"640\" height=\"480\"><source src=\"\/wp-content\/uploads\/video\/12) Oberkiefer-Platte.mp4\" type=\"video\/mp4\" \/><source src=\"\/wp-content\/uploads\/video\/12) Oberkiefer-Platte.webm\" type=\"video\/webm\" \/>Sorry, your browser doesn&rsquo;t support HTML5 video.<\/video><\/p>\n<\/div><\/div><\/div><div class=\"w-popup-closer\"><\/div><\/div><\/div><div class=\"wpb_text_column\"><div class=\"wpb_wrapper\"><p style=\"text-align: center;\">Appareil amovible<\/p>\n<\/div><\/div><\/div><\/div><\/div><div class=\"vc_col-sm-4 wpb_column vc_column_container\"><div class=\"vc_column-inner\"><div class=\"wpb_wrapper\"><div class=\"w-popup align_center\"><button class=\"w-popup-trigger type_image\" aria-label=\"Popup\"><img loading=\"lazy\" decoding=\"async\" width=\"640\" height=\"480\" src=\"https:\/\/ryf2.team8.ch\/wp-content\/uploads\/2017\/02\/13-5.jpg\" class=\"attachment-large size-large\" alt=\"\" srcset=\"https:\/\/ryf2.team8.ch\/wp-content\/uploads\/2017\/02\/13-5.jpg 640w, https:\/\/ryf2.team8.ch\/wp-content\/uploads\/2017\/02\/13-5-300x225.jpg 300w, https:\/\/ryf2.team8.ch\/wp-content\/uploads\/2017\/02\/13-5-600x450.jpg 600w, https:\/\/ryf2.team8.ch\/wp-content\/uploads\/2017\/02\/13-5-344x258.jpg 344w\" sizes=\"auto, (max-width: 640px) 100vw, 640px\" \/><\/button><div class=\"w-popup-overlay\" style=\"background:rgba(30,115,190,0.14);\"><\/div><div class=\"w-popup-wrap layout_default\" style=\"--title-color:var(--color-content-heading);--title-bg-color:var(--color-content-bg-alt);--content-color:var(--color-content-text);--content-bg-color:var(--color-content-bg);--popup-border-radius:15;--popup-width:600px;\"><div class=\"w-popup-box animation_fadeIn closerpos_outside without_title\"><div class=\"w-popup-box-h\"><div class=\"w-popup-box-content\"><div style=\"width: 640px;\" class=\"wp-video\"><!--[if lt IE 9]><script>document.createElement('video');<\/script><![endif]-->\n<video class=\"wp-video-shortcode\" id=\"video-5664-1\" width=\"640\" height=\"480\" preload=\"metadata\" controls=\"controls\"><source type=\"video\/mp4\" src=\"https:\/\/ryf2.team8.ch\/wp-content\/uploads\/2023\/04\/Aktivator-mit-Headgear.mp4?_=1\" \/><a href=\"https:\/\/ryf2.team8.ch\/wp-content\/uploads\/2023\/04\/Aktivator-mit-Headgear.mp4\">https:\/\/ryf2.team8.ch\/wp-content\/uploads\/2023\/04\/Aktivator-mit-Headgear.mp4<\/a><\/video><\/div>\n<\/div><\/div><\/div><div class=\"w-popup-closer\"><\/div><\/div><\/div><div class=\"wpb_text_column\"><div class=\"wpb_wrapper\"><p style=\"text-align: center;\">Activateur combin\u00e9 avec headgear<\/p>\n<\/div><\/div><\/div><\/div><\/div><div class=\"vc_col-sm-4 wpb_column vc_column_container\"><div class=\"vc_column-inner\"><div class=\"wpb_wrapper\"><div class=\"w-popup align_center\"><button class=\"w-popup-trigger type_image\" aria-label=\"Popup\"><img loading=\"lazy\" decoding=\"async\" width=\"640\" height=\"480\" src=\"https:\/\/ryf2.team8.ch\/wp-content\/uploads\/2017\/02\/17-4.jpg\" class=\"attachment-large size-large\" alt=\"\" srcset=\"https:\/\/ryf2.team8.ch\/wp-content\/uploads\/2017\/02\/17-4.jpg 640w, https:\/\/ryf2.team8.ch\/wp-content\/uploads\/2017\/02\/17-4-300x225.jpg 300w, https:\/\/ryf2.team8.ch\/wp-content\/uploads\/2017\/02\/17-4-600x450.jpg 600w, https:\/\/ryf2.team8.ch\/wp-content\/uploads\/2017\/02\/17-4-344x258.jpg 344w\" sizes=\"auto, (max-width: 640px) 100vw, 640px\" \/><\/button><div class=\"w-popup-overlay\" style=\"background:rgba(30,115,190,0.14);\"><\/div><div class=\"w-popup-wrap layout_default\" style=\"--title-color:var(--color-content-heading);--title-bg-color:var(--color-content-bg-alt);--content-color:var(--color-content-text);--content-bg-color:var(--color-content-bg);--popup-border-radius:15;--popup-width:600px;\"><div class=\"w-popup-box animation_fadeIn closerpos_outside without_title\"><div class=\"w-popup-box-h\"><div class=\"w-popup-box-content\"><p><video controls=\"controls\" width=\"640\" height=\"480\"><source src=\"\/wp-content\/uploads\/video\/17) Forcierte Dehnung.mp4\" type=\"video\/mp4\" \/><source src=\"\/wp-content\/uploads\/video\/17) Forcierte Dehnung.webm\" type=\"video\/webm\" \/>Sorry, your browser doesn&rsquo;t support HTML5 video.<\/video><\/p>\n<\/div><\/div><\/div><div class=\"w-popup-closer\"><\/div><\/div><\/div><div class=\"wpb_text_column\"><div class=\"wpb_wrapper\"><p style=\"text-align: center;\">Expansion forc\u00e9e<br \/>\nde la m\u00e2choire sup\u00e9rieure<\/p>\n<\/div><\/div><\/div><\/div><\/div><\/div><div class=\"w-separator size_custom\" style=\"height:32px\"><\/div><div class=\"g-cols wpb_row via_flex valign_top type_default stacking_default\"><div class=\"vc_col-sm-4 wpb_column vc_column_container\"><div class=\"vc_column-inner\"><div class=\"wpb_wrapper\"><div class=\"w-popup align_center\"><button class=\"w-popup-trigger type_image\" aria-label=\"Popup\"><img loading=\"lazy\" decoding=\"async\" width=\"638\" height=\"479\" src=\"https:\/\/ryf2.team8.ch\/wp-content\/uploads\/2023\/09\/Leeway-Space.jpg\" class=\"attachment-large size-large\" alt=\"\" srcset=\"https:\/\/ryf2.team8.ch\/wp-content\/uploads\/2023\/09\/Leeway-Space.jpg 638w, https:\/\/ryf2.team8.ch\/wp-content\/uploads\/2023\/09\/Leeway-Space-300x225.jpg 300w, https:\/\/ryf2.team8.ch\/wp-content\/uploads\/2023\/09\/Leeway-Space-600x450.jpg 600w, https:\/\/ryf2.team8.ch\/wp-content\/uploads\/2023\/09\/Leeway-Space-344x258.jpg 344w\" sizes=\"auto, (max-width: 638px) 100vw, 638px\" \/><\/button><div class=\"w-popup-overlay\" style=\"background:rgba(30,115,190,0.14);\"><\/div><div class=\"w-popup-wrap layout_default\" style=\"--title-color:var(--color-content-heading);--title-bg-color:var(--color-content-bg-alt);--content-color:var(--color-content-text);--content-bg-color:var(--color-content-bg);--popup-border-radius:15;--popup-width:600px;\"><div class=\"w-popup-box animation_fadeIn closerpos_outside without_title\"><div class=\"w-popup-box-h\"><div class=\"w-popup-box-content\"><div style=\"width: 640px;\" class=\"wp-video\"><video class=\"wp-video-shortcode\" id=\"video-5664-2\" width=\"640\" height=\"480\" preload=\"metadata\" controls=\"controls\"><source type=\"video\/mp4\" src=\"https:\/\/ryf2.team8.ch\/wp-content\/uploads\/2023\/09\/Leeway-Space.mp4?_=2\" \/><a href=\"https:\/\/ryf2.team8.ch\/wp-content\/uploads\/2023\/09\/Leeway-Space.mp4\">https:\/\/ryf2.team8.ch\/wp-content\/uploads\/2023\/09\/Leeway-Space.mp4<\/a><\/video><\/div>\n<\/div><\/div><\/div><div class=\"w-popup-closer\"><\/div><\/div><\/div><div class=\"wpb_text_column\"><div class=\"wpb_wrapper\"><p style=\"text-align: center;\">Platzgewinn (Leeway-Space)<\/p>\n<\/div><\/div><\/div><\/div><\/div><div class=\"vc_col-sm-4 wpb_column vc_column_container\"><div class=\"vc_column-inner\"><div class=\"wpb_wrapper\"><div class=\"w-popup align_center\"><button class=\"w-popup-trigger type_image\" aria-label=\"Popup\"><img loading=\"lazy\" decoding=\"async\" width=\"640\" height=\"480\" src=\"https:\/\/ryf2.team8.ch\/wp-content\/uploads\/2017\/02\/21-2.jpg\" class=\"attachment-large size-large\" alt=\"\" srcset=\"https:\/\/ryf2.team8.ch\/wp-content\/uploads\/2017\/02\/21-2.jpg 640w, https:\/\/ryf2.team8.ch\/wp-content\/uploads\/2017\/02\/21-2-300x225.jpg 300w, https:\/\/ryf2.team8.ch\/wp-content\/uploads\/2017\/02\/21-2-600x450.jpg 600w, https:\/\/ryf2.team8.ch\/wp-content\/uploads\/2017\/02\/21-2-344x258.jpg 344w\" sizes=\"auto, (max-width: 640px) 100vw, 640px\" \/><\/button><div class=\"w-popup-overlay\" style=\"background:rgba(30,115,190,0.14);\"><\/div><div class=\"w-popup-wrap layout_default\" style=\"--title-color:var(--color-content-heading);--title-bg-color:var(--color-content-bg-alt);--content-color:var(--color-content-text);--content-bg-color:var(--color-content-bg);--popup-border-radius:15;--popup-width:600px;\"><div class=\"w-popup-box animation_fadeIn closerpos_outside without_title\"><div class=\"w-popup-box-h\"><div class=\"w-popup-box-content\"><p><video controls=\"controls\" width=\"640\" height=\"480\"><source src=\"\/wp-content\/uploads\/video\/21) Festsitzende Apparaturen (selbstligierende Brackets).mp4\" type=\"video\/mp4\" \/><source src=\"\/wp-content\/uploads\/video\/21) Festsitzende Apparaturen (selbstligierende Brackets).webm\" type=\"video\/webm\" \/>Sorry, your browser doesn&rsquo;t support HTML5 video.<\/video><\/p>\n<\/div><\/div><\/div><div class=\"w-popup-closer\"><\/div><\/div><\/div><div class=\"wpb_text_column\"><div class=\"wpb_wrapper\"><p style=\"text-align: center;\">Appareils fixes (bagues)<\/p>\n<\/div><\/div><\/div><\/div><\/div><div class=\"vc_col-sm-4 wpb_column vc_column_container\"><div class=\"vc_column-inner\"><div class=\"wpb_wrapper\"><div class=\"w-popup align_center\"><button class=\"w-popup-trigger type_image\" aria-label=\"Popup\"><img loading=\"lazy\" decoding=\"async\" width=\"640\" height=\"480\" src=\"https:\/\/ryf2.team8.ch\/wp-content\/uploads\/2017\/02\/22-2.jpg\" class=\"attachment-large size-large\" alt=\"\" srcset=\"https:\/\/ryf2.team8.ch\/wp-content\/uploads\/2017\/02\/22-2.jpg 640w, https:\/\/ryf2.team8.ch\/wp-content\/uploads\/2017\/02\/22-2-300x225.jpg 300w, https:\/\/ryf2.team8.ch\/wp-content\/uploads\/2017\/02\/22-2-600x450.jpg 600w, https:\/\/ryf2.team8.ch\/wp-content\/uploads\/2017\/02\/22-2-344x258.jpg 344w\" sizes=\"auto, (max-width: 640px) 100vw, 640px\" \/><\/button><div class=\"w-popup-overlay\" style=\"background:rgba(30,115,190,0.14);\"><\/div><div class=\"w-popup-wrap layout_default\" style=\"--title-color:var(--color-content-heading);--title-bg-color:var(--color-content-bg-alt);--content-color:var(--color-content-text);--content-bg-color:var(--color-content-bg);--popup-border-radius:15;--popup-width:600px;\"><div class=\"w-popup-box animation_fadeIn closerpos_outside without_title\"><div class=\"w-popup-box-h\"><div class=\"w-popup-box-content\"><p><video controls=\"controls\" width=\"640\" height=\"480\"><source src=\"\/wp-content\/uploads\/video\/22) Aligner (Invisalign).mp4\" type=\"video\/mp4\" \/><source src=\"\/wp-content\/uploads\/video\/22) Aligner (Invisalign).webm\" type=\"video\/webm\" \/>Sorry, your browser doesn&rsquo;t support HTML5 video.<\/video><\/p>\n<\/div><\/div><\/div><div class=\"w-popup-closer\"><\/div><\/div><\/div><div class=\"wpb_text_column\"><div class=\"wpb_wrapper\"><p style=\"text-align: center;\">Aligners (INVISALIGN\u00ae)<\/p>\n<\/div><\/div><\/div><\/div><\/div><\/div><div class=\"w-separator size_custom\" style=\"height:32px\"><\/div><\/div><\/div><\/div><\/div><\/div><\/section>\n","protected":false},"excerpt":{"rendered":"Enfants Sorry, your browser doesn't support HTML5 video. Appareil amovible https:\/\/ryf2.team8.ch\/wp-content\/uploads\/2023\/04\/Aktivator-mit-Headgear.mp4 Activateur combin\u00e9 avec headgear Sorry, your browser doesn't support HTML5 video. Expansion forc\u00e9e de la m\u00e2choire sup\u00e9rieure https:\/\/ryf2.team8.ch\/wp-content\/uploads\/2023\/09\/Leeway-Space.mp4 Platzgewinn (Leeway-Space) Sorry, your browser doesn't support HTML5 video. Appareils fixes (bagues) Sorry, your browser doesn't support HTML5 video. Aligners (INVISALIGN\u00ae)","protected":false},"author":1,"featured_media":0,"parent":0,"menu_order":0,"comment_status":"closed","ping_status":"closed","template":"","meta":{"footnotes":""},"class_list":["post-5664","page","type-page","status-publish","hentry"],"yoast_head":"<!-- This site is optimized with the Yoast SEO plugin v26.4 - https:\/\/yoast.com\/wordpress\/plugins\/seo\/ -->\n<title>Enfants - Dr. med. dent. Sacha Ryf<\/title>\n<meta name=\"robots\" content=\"noindex, follow, max-snippet:-1, max-image-preview:large, max-video-preview:-1\" \/>\n<meta property=\"og:locale\" content=\"fr_FR\" \/>\n<meta property=\"og:type\" content=\"article\" \/>\n<meta property=\"og:title\" content=\"Enfants - Dr. med. dent. Sacha Ryf\" \/>\n<meta property=\"og:url\" content=\"https:\/\/ryf2.team8.ch\/fr\/enfants\/\" \/>\n<meta property=\"og:site_name\" content=\"Dr. med. dent. Sacha Ryf\" \/>\n<meta property=\"article:publisher\" content=\"https:\/\/www.facebook.com\/Dr-med-dent-Sacha-Ryf-Fachzahnarzt-f%c3%bcr-Kieferorthop%c3%a4die-CH-297929510749713\" \/>\n<meta property=\"article:modified_time\" content=\"2023-09-11T08:32:32+00:00\" \/>\n<meta name=\"twitter:card\" content=\"summary_large_image\" \/>\n<meta name=\"twitter:label1\" content=\"Dur\u00e9e de lecture estim\u00e9e\" \/>\n\t<meta name=\"twitter:data1\" content=\"1 minute\" \/>\n<script type=\"application\/ld+json\" class=\"yoast-schema-graph\">{\"@context\":\"https:\/\/schema.org\",\"@graph\":[{\"@type\":\"WebPage\",\"@id\":\"https:\/\/ryf2.team8.ch\/fr\/enfants\/\",\"url\":\"https:\/\/ryf2.team8.ch\/fr\/enfants\/\",\"name\":\"Enfants - Dr. med. dent. Sacha Ryf\",\"isPartOf\":{\"@id\":\"https:\/\/ryf2.team8.ch\/#website\"},\"datePublished\":\"2023-08-16T06:33:10+00:00\",\"dateModified\":\"2023-09-11T08:32:32+00:00\",\"breadcrumb\":{\"@id\":\"https:\/\/ryf2.team8.ch\/fr\/enfants\/#breadcrumb\"},\"inLanguage\":\"fr-FR\",\"potentialAction\":[{\"@type\":\"ReadAction\",\"target\":[\"https:\/\/ryf2.team8.ch\/fr\/enfants\/\"]}]},{\"@type\":\"BreadcrumbList\",\"@id\":\"https:\/\/ryf2.team8.ch\/fr\/enfants\/#breadcrumb\",\"itemListElement\":[{\"@type\":\"ListItem\",\"position\":1,\"name\":\"Startseite\",\"item\":\"https:\/\/ryf2.team8.ch\/fr\/\"},{\"@type\":\"ListItem\",\"position\":2,\"name\":\"Enfants\"}]},{\"@type\":\"WebSite\",\"@id\":\"https:\/\/ryf2.team8.ch\/#website\",\"url\":\"https:\/\/ryf2.team8.ch\/\",\"name\":\"Dr. med. dent. Sacha Ryf\",\"description\":\"Fachzahnarzt f\u00fcr Kieferorthop\u00e4die (CH) Biel \/ Bienne\",\"publisher\":{\"@id\":\"https:\/\/ryf2.team8.ch\/#organization\"},\"potentialAction\":[{\"@type\":\"SearchAction\",\"target\":{\"@type\":\"EntryPoint\",\"urlTemplate\":\"https:\/\/ryf2.team8.ch\/?s={search_term_string}\"},\"query-input\":{\"@type\":\"PropertyValueSpecification\",\"valueRequired\":true,\"valueName\":\"search_term_string\"}}],\"inLanguage\":\"fr-FR\"},{\"@type\":\"Organization\",\"@id\":\"https:\/\/ryf2.team8.ch\/#organization\",\"name\":\"Dr. Sacha Ryf\",\"url\":\"https:\/\/ryf2.team8.ch\/\",\"logo\":{\"@type\":\"ImageObject\",\"inLanguage\":\"fr-FR\",\"@id\":\"https:\/\/ryf2.team8.ch\/#\/schema\/logo\/image\/\",\"url\":\"https:\/\/ryf2.team8.ch\/wp-content\/uploads\/2019\/01\/ryf-logo-mobile.png\",\"contentUrl\":\"https:\/\/ryf2.team8.ch\/wp-content\/uploads\/2019\/01\/ryf-logo-mobile.png\",\"width\":150,\"height\":150,\"caption\":\"Dr. Sacha Ryf\"},\"image\":{\"@id\":\"https:\/\/ryf2.team8.ch\/#\/schema\/logo\/image\/\"},\"sameAs\":[\"https:\/\/www.facebook.com\/Dr-med-dent-Sacha-Ryf-Fachzahnarzt-f\u00fcr-Kieferorthop\u00e4die-CH-297929510749713\",\"https:\/\/www.instagram.com\/dr.sacharyf\/\"]}]}<\/script>\n<!-- \/ Yoast SEO plugin. -->","yoast_head_json":{"title":"Enfants - Dr. med. dent. Sacha Ryf","robots":{"index":"noindex","follow":"follow","max-snippet":"max-snippet:-1","max-image-preview":"max-image-preview:large","max-video-preview":"max-video-preview:-1"},"og_locale":"fr_FR","og_type":"article","og_title":"Enfants - Dr. med. dent. Sacha Ryf","og_url":"https:\/\/ryf2.team8.ch\/fr\/enfants\/","og_site_name":"Dr. med. dent. Sacha Ryf","article_publisher":"https:\/\/www.facebook.com\/Dr-med-dent-Sacha-Ryf-Fachzahnarzt-f%c3%bcr-Kieferorthop%c3%a4die-CH-297929510749713","article_modified_time":"2023-09-11T08:32:32+00:00","twitter_card":"summary_large_image","twitter_misc":{"Dur\u00e9e de lecture estim\u00e9e":"1 minute"},"schema":{"@context":"https:\/\/schema.org","@graph":[{"@type":"WebPage","@id":"https:\/\/ryf2.team8.ch\/fr\/enfants\/","url":"https:\/\/ryf2.team8.ch\/fr\/enfants\/","name":"Enfants - Dr. med. dent. Sacha Ryf","isPartOf":{"@id":"https:\/\/ryf2.team8.ch\/#website"},"datePublished":"2023-08-16T06:33:10+00:00","dateModified":"2023-09-11T08:32:32+00:00","breadcrumb":{"@id":"https:\/\/ryf2.team8.ch\/fr\/enfants\/#breadcrumb"},"inLanguage":"fr-FR","potentialAction":[{"@type":"ReadAction","target":["https:\/\/ryf2.team8.ch\/fr\/enfants\/"]}]},{"@type":"BreadcrumbList","@id":"https:\/\/ryf2.team8.ch\/fr\/enfants\/#breadcrumb","itemListElement":[{"@type":"ListItem","position":1,"name":"Startseite","item":"https:\/\/ryf2.team8.ch\/fr\/"},{"@type":"ListItem","position":2,"name":"Enfants"}]},{"@type":"WebSite","@id":"https:\/\/ryf2.team8.ch\/#website","url":"https:\/\/ryf2.team8.ch\/","name":"Dr. med. dent. Sacha Ryf","description":"Fachzahnarzt f\u00fcr Kieferorthop\u00e4die (CH) Biel \/ Bienne","publisher":{"@id":"https:\/\/ryf2.team8.ch\/#organization"},"potentialAction":[{"@type":"SearchAction","target":{"@type":"EntryPoint","urlTemplate":"https:\/\/ryf2.team8.ch\/?s={search_term_string}"},"query-input":{"@type":"PropertyValueSpecification","valueRequired":true,"valueName":"search_term_string"}}],"inLanguage":"fr-FR"},{"@type":"Organization","@id":"https:\/\/ryf2.team8.ch\/#organization","name":"Dr. Sacha Ryf","url":"https:\/\/ryf2.team8.ch\/","logo":{"@type":"ImageObject","inLanguage":"fr-FR","@id":"https:\/\/ryf2.team8.ch\/#\/schema\/logo\/image\/","url":"https:\/\/ryf2.team8.ch\/wp-content\/uploads\/2019\/01\/ryf-logo-mobile.png","contentUrl":"https:\/\/ryf2.team8.ch\/wp-content\/uploads\/2019\/01\/ryf-logo-mobile.png","width":150,"height":150,"caption":"Dr. Sacha Ryf"},"image":{"@id":"https:\/\/ryf2.team8.ch\/#\/schema\/logo\/image\/"},"sameAs":["https:\/\/www.facebook.com\/Dr-med-dent-Sacha-Ryf-Fachzahnarzt-f\u00fcr-Kieferorthop\u00e4die-CH-297929510749713","https:\/\/www.instagram.com\/dr.sacharyf\/"]}]}},"_links":{"self":[{"href":"https:\/\/ryf2.team8.ch\/fr\/wp-json\/wp\/v2\/pages\/5664","targetHints":{"allow":["GET"]}}],"collection":[{"href":"https:\/\/ryf2.team8.ch\/fr\/wp-json\/wp\/v2\/pages"}],"about":[{"href":"https:\/\/ryf2.team8.ch\/fr\/wp-json\/wp\/v2\/types\/page"}],"author":[{"embeddable":true,"href":"https:\/\/ryf2.team8.ch\/fr\/wp-json\/wp\/v2\/users\/1"}],"replies":[{"embeddable":true,"href":"https:\/\/ryf2.team8.ch\/fr\/wp-json\/wp\/v2\/comments?post=5664"}],"version-history":[{"count":5,"href":"https:\/\/ryf2.team8.ch\/fr\/wp-json\/wp\/v2\/pages\/5664\/revisions"}],"predecessor-version":[{"id":5865,"href":"https:\/\/ryf2.team8.ch\/fr\/wp-json\/wp\/v2\/pages\/5664\/revisions\/5865"}],"wp:attachment":[{"href":"https:\/\/ryf2.team8.ch\/fr\/wp-json\/wp\/v2\/media?parent=5664"}],"curies":[{"name":"wp","href":"https:\/\/api.w.org\/{rel}","templated":true}]}}