{"id":5850,"date":"2023-09-11T09:35:14","date_gmt":"2023-09-11T07:35:14","guid":{"rendered":"https:\/\/ryf2.team8.ch\/declaration-de-protection-des-donnees\/"},"modified":"2023-09-11T10:34:23","modified_gmt":"2023-09-11T08:34:23","slug":"declaration-de-protection-des-donnees","status":"publish","type":"page","link":"https:\/\/ryf2.team8.ch\/fr\/declaration-de-protection-des-donnees\/","title":{"rendered":"D\u00e9claration de protection des donn\u00e9es"},"content":{"rendered":"<section class=\"l-section wpb_row height_medium\"><div class=\"l-section-h i-cf\"><div class=\"g-cols vc_row via_flex valign_top type_default stacking_default\"><div class=\"vc_col-sm-12 wpb_column vc_column_container\"><div class=\"vc_column-inner\"><div class=\"wpb_wrapper\"><div class=\"wpb_text_column\"><div class=\"wpb_wrapper\"><h1>D\u00e9claration de protection des donn\u00e9es<\/h1>\n<p>Bienvenue sur le site de notre cabinet dentaire \/ cabinet d&rsquo;orthodontie de la soci\u00e9t\u00e9 Kieferorthop\u00e4die Orthodontie Biel Bienne Seeland AG avec le Dr m\u00e9d. dent. Sacha Ryf, dentiste sp\u00e9cialis\u00e9 en orthodontie (CH) et son \u00e9quipe \u00e0 Biel\/Bienne, Suisse. La d\u00e9claration de protection des donn\u00e9es ci-apr\u00e8s s&rsquo;applique \u00e0 l&rsquo;utilisation de notre site web ainsi qu&rsquo;aux services qui y sont propos\u00e9s. La pr\u00e9sente d\u00e9claration de protection des donn\u00e9es vous informe sur la collecte de donn\u00e9es personnelles lors de votre visite sur ce site.<\/p>\n<p>La collecte et le traitement de vos donn\u00e9es personnelles s&rsquo;effectuent dans le respect des lois et exigences en vigueur en mati\u00e8re de protection des donn\u00e9es.<\/p>\n<p>En principe, notre cabinet dentaire ne propose ses services qu&rsquo;en Suisse et ne s&rsquo;adresse qu&rsquo;aux personnes domicili\u00e9es en Suisse.<\/p>\n<h2>Collecte de donn\u00e9es et d&rsquo;informations g\u00e9n\u00e9rales<\/h2>\n<p>Chaque fois que vous consultez notre site Internet, une s\u00e9rie de donn\u00e9es et d&rsquo;informations g\u00e9n\u00e9rales sont collect\u00e9es. Ces donn\u00e9es et informations g\u00e9n\u00e9rales sont enregistr\u00e9es dans les fichiers journaux du serveur. Peuvent \u00eatre saisis (1) les types et versions de navigateurs utilis\u00e9s, (2) le syst\u00e8me d&rsquo;exploitation utilis\u00e9 par le syst\u00e8me d&rsquo;acc\u00e8s, (3) le site web \u00e0 partir duquel un syst\u00e8me d&rsquo;acc\u00e8s arrive sur notre site web (ce que l&rsquo;on appelle le r\u00e9f\u00e9rent), (4) les sous-pages web qui sont consult\u00e9es sur notre site web par un syst\u00e8me d&rsquo;acc\u00e8s, (5) la date et l&rsquo;heure d&rsquo;un acc\u00e8s au site web, (6) une adresse de protocole Internet (adresse IP), (7) le fournisseur de services Internet du syst\u00e8me d&rsquo;acc\u00e8s et (8) d&rsquo;autres donn\u00e9es et informations similaires qui servent \u00e0 pr\u00e9venir les risques en cas d&rsquo;attaques sur notre infrastructure informatique.<\/p>\n<p>Ces donn\u00e9es et informations sont n\u00e9cessaires pour (1) pr\u00e9senter correctement le contenu de notre site web, (2) optimiser le contenu de notre site web, (3) garantir le fonctionnement durable de notre infrastructure informatique et de la technique de notre site web ainsi que pour (4) fournir les informations n\u00e9cessaires aux autorit\u00e9s de poursuite p\u00e9nale en cas de cyberattaque.<\/p>\n<p>En outre, notre cabinet dentaire peut \u00e9valuer ces donn\u00e9es et informations d&rsquo;une part statistiquement et d&rsquo;autre part dans le but d&rsquo;augmenter la protection et la s\u00e9curit\u00e9 des donn\u00e9es de son infrastructure informatique. Les donn\u00e9es et informations collect\u00e9es ne sont trait\u00e9es qu&rsquo;aux fins susmentionn\u00e9es et sont ensuite effac\u00e9es.<\/p>\n<h2>Liens vers d&rsquo;autres sites web<\/h2>\n<p>Ce site web peut contenir des liens vers des sites web d&rsquo;autres fournisseurs. Notre cabinet dentaire n&rsquo;a aucune influence sur ces sites, leur contenu, leurs offres ou leur disponibilit\u00e9, ni sur les d\u00e9clarations et dispositions de protection des donn\u00e9es qui y sont en vigueur. Il d\u00e9cline donc toute responsabilit\u00e9 \u00e0 cet \u00e9gard.<\/p>\n<h2>Cookies et autres offres de service<\/h2>\n<p>Notre cabinet dentaire peut utiliser des cookies sur son site web. Les cookies contiennent ce que l&rsquo;on appelle un cookie-ID, un identifiant unique du cookie, qui associe les pages web et le serveur \u00e0 un navigateur Internet concret. Un navigateur Internet donn\u00e9 peut \u00eatre reconnu et identifi\u00e9 gr\u00e2ce \u00e0 cet identifiant de cookie unique.<\/p>\n<p>De telles informations sur l&rsquo;utilisation de ce site web (y compris votre adresse IP) peuvent, par exemple dans le cas de Google Analytics, \u00eatre transmises \u00e0 des serveurs \u00e0 l&rsquo;\u00e9tranger et y \u00eatre enregistr\u00e9es.<\/p>\n<p>Notre cabinet dentaire peut utiliser d&rsquo;autres offres de services de prestataires tiers pour int\u00e9grer leurs contenus et services, comme par exemple des vid\u00e9os ou des articles, dans le site Internet. Une telle int\u00e9gration suppose toujours que ces prestataires tiers puissent saisir et traiter l&rsquo;adresse IP et d&rsquo;autres informations des visiteurs de ce site web.<\/p>\n<h2>M\u00e9dias sociaux \/ r\u00e9seaux sociaux<\/h2>\n<p>Sur ce site web peuvent \u00eatre plac\u00e9s des boutons (\u00ab\u00a0plugins de m\u00e9dias sociaux\u00a0\u00bb) qui \u00e9tablissent un contact avec les serveurs de r\u00e9seaux sociaux (Facebook, Twitter, Instagram, etc.). En cliquant sur l&rsquo;un de ces boutons, des donn\u00e9es n\u00e9cessaires telles que l&rsquo;adresse IP, la visite du site web, etc. sont transmises \u00e0 l&rsquo;exploitant du r\u00e9seau social concern\u00e9.<\/p>\n<h2>Option newsletter<\/h2>\n<p>Par le biais de notre site web, vous avez la possibilit\u00e9 de vous abonner \u00e0 notre newsletter. Les donn\u00e9es que vous mettez \u00e0 disposition du cabinet dentaire, en particulier votre adresse e-mail et votre nom, peuvent \u00eatre utilis\u00e9es pour l&rsquo;envoi r\u00e9gulier de notre newsletter. L&rsquo;envoi est effectu\u00e9 soit directement par le cabinet dentaire, soit par une entreprise sp\u00e9cialis\u00e9e dans ce domaine. Vous pouvez \u00e0 tout moment vous d\u00e9sabonner de la newsletter (en cliquant sur le lien dans la newsletter ou sur le site Internet). Vous pouvez \u00e9galement nous le faire savoir par e-mail ou via les coordonn\u00e9es indiqu\u00e9es dans les mentions l\u00e9gales. Les donn\u00e9es personnelles restent chez notre cabinet dentaire et, le cas \u00e9ch\u00e9ant, chez l&rsquo;entreprise charg\u00e9e de l&rsquo;envoi de la newsletter tant que vous \u00eates abonn\u00e9(e) \u00e0 la newsletter.<\/p>\n<h2>Possibilit\u00e9s de communication<\/h2>\n<p>Le site web de notre cabinet dentaire contient certaines informations qui permettent une prise de contact \u00e9lectronique rapide ainsi qu&rsquo;une communication directe, ce qui comprend \u00e9galement une adresse e-mail g\u00e9n\u00e9rale. Si vous prenez contact avec nous par le biais des possibilit\u00e9s de communication offertes sur notre site web, vos donn\u00e9es de contact et leur contenu ne seront utilis\u00e9s que pour traiter et r\u00e9pondre \u00e0 votre demande.<\/p>\n<p>Veuillez noter qu&rsquo;il n&rsquo;est pas possible de garantir que vos donn\u00e9es seront transmises de mani\u00e8re confidentielle. C&rsquo;est pourquoi aucune donn\u00e9e confidentielle (demande m\u00e9dicale, etc.) ne doit \u00eatre transmise lors de cette prise de contact.<\/p>\n<h2><strong>Vos droits<\/strong><\/h2>\n<p>Sur la base de la loi sur la protection des donn\u00e9es, vous avez diff\u00e9rents droits, comme par exemple un droit d&rsquo;acc\u00e8s. Pour faire valoir vos droits, veuillez prendre contact avec le cabinet dentaire. Nous nous tenons \u00e0 votre disposition pour toute information compl\u00e9mentaire \u00e0 ce sujet.<\/p>\n<h2>Modifications<\/h2>\n<p>Notre cabinet dentaire peut adapter \u00e0 tout moment et sans pr\u00e9avis la pr\u00e9sente d\u00e9claration de protection des donn\u00e9es. La version actuelle publi\u00e9e sur notre site web fait foi. Dans la mesure o\u00f9 la d\u00e9claration de protection des donn\u00e9es fait partie d&rsquo;un contrat conclu avec vous, nous vous informerons de la modification par e-mail ou par tout autre moyen appropri\u00e9 en cas de mise \u00e0 jour.<\/p>\n<h2><strong>Information aux patients sur le traitement des donn\u00e9es personnelles (selon la loi du protection des donn\u00e9es du 1<sup>er<\/sup> septembre 2023)<\/strong><\/h2>\n<p>Nous vous informons ci-apr\u00e8s dans quel but le cabinet dentaire d&rsquo;orthodontie Biel Bienne Seeland Suisse SA (ci-apr\u00e8s le cabinet dentaire) recueille, enregistre ou transmet vos donn\u00e9es personnelles. En outre, nous vous informons sur les droits que vous pouvez exercer dans le cadre de la protection des donn\u00e9es.<\/p>\n<p>&nbsp;<\/p>\n<h2><strong>Responsabilit\u00e9s<\/strong><\/h2>\n<p>L&rsquo;instance responsable du traitement de vos donn\u00e9es personnelles et en particulier de vos donn\u00e9es de sant\u00e9 est le cabinet dentaire. Si vous avez des questions sur la protection des donn\u00e9es ou si vous souhaitez faire valoir vos droits dans le cadre de la protection des donn\u00e9es, veuillez vous adresser au personnel du cabinet dentaire ou directement \u00e0 votre dentiste.<\/p>\n<p>&nbsp;<\/p>\n<h2><strong>Collecte et objectif du traitement des donn\u00e9es<\/strong><\/h2>\n<p>Le traitement (collecte, enregistrement, utilisation et conservation) de vos donn\u00e9es s&rsquo;effectue sur la base du contrat de traitement et des prescriptions l\u00e9gales pour l&rsquo;accomplissement du but du traitement ainsi que des obligations qui y sont li\u00e9es. La collecte des donn\u00e9es est effectu\u00e9e d&rsquo;une part par le\/la dentiste traitant(e) dans le cadre de votre traitement. D&rsquo;autre part, nous recevons \u00e9galement des donn\u00e9es d&rsquo;autres dentistes et professionnels de la sant\u00e9 chez qui vous avez \u00e9t\u00e9 ou \u00eates en traitement, si vous avez donn\u00e9 votre consentement \u00e0 cet effet. Seules les donn\u00e9es en rapport avec votre traitement m\u00e9dical sont trait\u00e9es dans votre dossier m\u00e9dical. L&rsquo;historique m\u00e9dical comprend les informations personnelles fournies sur le formulaire du patient, telles que les donn\u00e9es personnelles, les coordonn\u00e9es et les donn\u00e9es d&rsquo;assurance, ainsi que, entre autres, l&rsquo;entretien d&rsquo;information r\u00e9alis\u00e9 dans le cadre du traitement, les donn\u00e9es de sant\u00e9 collect\u00e9es telles que les ant\u00e9c\u00e9dents m\u00e9dicaux, les diagnostics, les propositions de traitement, les radiographies et les r\u00e9sultats.<\/p>\n<h2><strong>Dur\u00e9e de conservation<\/strong><\/h2>\n<p>Votre dossier m\u00e9dical est conserv\u00e9 pendant 20 ans apr\u00e8s votre dernier traitement. Pass\u00e9 ce d\u00e9lai, il sera conserv\u00e9 avec votre consentement explicite ou sera effac\u00e9 ou d\u00e9truit en toute s\u00e9curit\u00e9.<\/p>\n<h2><strong>Transmission des donn\u00e9es<\/strong><\/h2>\n<p>Nous ne transmettons vos donn\u00e9es personnelles, et notamment vos donn\u00e9es m\u00e9dicales, \u00e0 des tiers externes que si la loi le permet ou l&rsquo;exige, ou si vous avez consenti \u00e0 la transmission de ces donn\u00e9es dans le cadre de votre traitement.<\/p>\n<ul>\n<li>La transmission \u00e0 votre assurance-maladie ou \u00e0 l&rsquo;assurance-accidents ou invalidit\u00e9 a lieu dans le but de facturer les prestations qui vous sont fournies. Le type de donn\u00e9es transmises se fonde sur les dispositions l\u00e9gales.<\/li>\n<li>La transmission aux autorit\u00e9s cantonales et nationales (p. ex. service m\u00e9dical cantonal, d\u00e9partements de la sant\u00e9, etc.) a lieu en raison des obligations de d\u00e9claration l\u00e9gales.<\/li>\n<li>En option : la transmission des donn\u00e9es n\u00e9cessaires concernant les patients et les factures \u00e0 l&rsquo;agence de recouvrement a lieu \u00e0 des fins de recouvrement (encaissement de cr\u00e9ances financi\u00e8res \u00e9chues).<\/li>\n<\/ul>\n<p>Dans certains cas, en fonction de votre traitement et de votre consentement correspondant, des donn\u00e9es peuvent \u00eatre transmises \u00e0 d&rsquo;autres destinataires autoris\u00e9s (p. ex. laboratoires, autres dentistes ou autres professionnels de la sant\u00e9).<\/p>\n<h2><strong>R\u00e9vocation de votre consentement<\/strong><\/h2>\n<p>Si vous avez donn\u00e9 votre consentement explicite \u00e0 un traitement de donn\u00e9es, vous pouvez \u00e0 tout moment r\u00e9voquer tout ou partie d&rsquo;un consentement d\u00e9j\u00e0 donn\u00e9. La r\u00e9vocation ou la demande de modification d&rsquo;un consentement doit \u00eatre effectu\u00e9e par \u00e9crit. D\u00e8s que nous avons re\u00e7u votre r\u00e9vocation \u00e9crite et que le traitement ne peut \u00eatre fond\u00e9 sur aucune autre base juridique que le consentement, le traitement est interrompu. La l\u00e9galit\u00e9 du traitement des donn\u00e9es effectu\u00e9 jusqu&rsquo;\u00e0 la r\u00e9vocation n&rsquo;est pas affect\u00e9e par la r\u00e9vocation.<\/p>\n<h2><strong>Renseignement, consultation et restitution <\/strong><\/h2>\n<p>Vous avez \u00e0 tout moment le droit d&rsquo;obtenir des informations sur vos donn\u00e9es personnelles. Vous pouvez consulter votre dossier m\u00e9dical ou en demander une copie. La remise de la copie peut \u00eatre payante. Les frais \u00e9ventuels, qui d\u00e9pendent de la complexit\u00e9 de l&rsquo;\u00e9tablissement de la copie, vous seront communiqu\u00e9s au pr\u00e9alable.<\/p>\n<h2><strong>Droit \u00e0 la transmission des donn\u00e9es<\/strong><\/h2>\n<p>Vous avez le droit de vous faire remettre ou de faire remettre \u00e0 un tiers les donn\u00e9es que nous traitons de mani\u00e8re automatis\u00e9e ou num\u00e9rique, dans un format courant et lisible par machine. Cela vaut en particulier aussi pour la transmission de donn\u00e9es m\u00e9dicales \u00e0 un professionnel de la sant\u00e9 de votre choix. Si vous demandez le transfert direct des donn\u00e9es \u00e0 un autre responsable, cela ne se fera que dans la mesure o\u00f9 cela est techniquement r\u00e9alisable.<\/p>\n<p>&nbsp;<\/p>\n<p><strong>Rectification de vos donn\u00e9es<\/strong> Si vous constatez ou estimez que vos donn\u00e9es sont inexactes ou incompl\u00e8tes, vous avez la possibilit\u00e9 d&rsquo;en demander la rectification. Si ni l&rsquo;exactitude ni le caract\u00e8re incomplet de vos donn\u00e9es ne peuvent \u00eatre \u00e9tablis, vous avez la possibilit\u00e9 d&rsquo;apposer une note de contestation.<\/p>\n<p>&nbsp;<\/p>\n<p>Je suis conscient(e) des risques \u00e9ventuels li\u00e9s \u00e0 l&rsquo;\u00e9change de donn\u00e9es personnelles sensibles (consultation possible par des tiers non autoris\u00e9s en cas de voies de communication non s\u00e9curis\u00e9es) ainsi que de mes droits et donne mon accord g\u00e9n\u00e9ral pour le contact mutuel entre le cabinet dentaire et moi-m\u00eame en tant que patient(e) par le biais des informations de contact indiqu\u00e9es ci-dessus.<\/p>\n<p>Les informations sur les patients sont transmises par le cabinet dentaire par des voies de communication s\u00e9curis\u00e9es et non s\u00e9curis\u00e9es. Je suis d&rsquo;accord pour que toute la correspondance (qui peut \u00e9galement inclure des radiographies, des scans et des photos) puisse se faire par communication \u00e9lectronique non crypt\u00e9e.<\/p>\n<p>Date 1er septembre 2023<\/p>\n<\/div><\/div><\/div><\/div><\/div><\/div><\/div><\/section>\n","protected":false},"excerpt":{"rendered":"D\u00e9claration de protection des donn\u00e9es Bienvenue sur le site de notre cabinet dentaire \/ cabinet d&rsquo;orthodontie de la soci\u00e9t\u00e9 Kieferorthop\u00e4die Orthodontie Biel Bienne Seeland AG avec le Dr m\u00e9d. dent. Sacha Ryf, dentiste sp\u00e9cialis\u00e9 en orthodontie (CH) et son \u00e9quipe \u00e0 Biel\/Bienne, Suisse. La d\u00e9claration de protection des donn\u00e9es ci-apr\u00e8s s&rsquo;applique \u00e0 l&rsquo;utilisation de notre...","protected":false},"author":1,"featured_media":0,"parent":0,"menu_order":0,"comment_status":"closed","ping_status":"closed","template":"","meta":{"footnotes":""},"class_list":["post-5850","page","type-page","status-publish","hentry"],"yoast_head":"<!-- This site is optimized with the Yoast SEO plugin v26.4 - https:\/\/yoast.com\/wordpress\/plugins\/seo\/ -->\n<title>D\u00e9claration de protection des donn\u00e9es - Dr. med. dent. Sacha Ryf<\/title>\n<meta name=\"robots\" content=\"noindex, follow, max-snippet:-1, max-image-preview:large, max-video-preview:-1\" \/>\n<meta property=\"og:locale\" content=\"fr_FR\" \/>\n<meta property=\"og:type\" content=\"article\" \/>\n<meta property=\"og:title\" content=\"D\u00e9claration de protection des donn\u00e9es - Dr. med. dent. Sacha Ryf\" \/>\n<meta property=\"og:url\" content=\"https:\/\/ryf2.team8.ch\/fr\/declaration-de-protection-des-donnees\/\" \/>\n<meta property=\"og:site_name\" content=\"Dr. med. dent. Sacha Ryf\" \/>\n<meta property=\"article:publisher\" content=\"https:\/\/www.facebook.com\/Dr-med-dent-Sacha-Ryf-Fachzahnarzt-f%c3%bcr-Kieferorthop%c3%a4die-CH-297929510749713\" \/>\n<meta property=\"article:modified_time\" content=\"2023-09-11T08:34:23+00:00\" \/>\n<meta name=\"twitter:card\" content=\"summary_large_image\" \/>\n<meta name=\"twitter:label1\" content=\"Dur\u00e9e de lecture estim\u00e9e\" \/>\n\t<meta name=\"twitter:data1\" content=\"6 minutes\" \/>\n<script type=\"application\/ld+json\" class=\"yoast-schema-graph\">{\"@context\":\"https:\/\/schema.org\",\"@graph\":[{\"@type\":\"WebPage\",\"@id\":\"https:\/\/ryf2.team8.ch\/fr\/declaration-de-protection-des-donnees\/\",\"url\":\"https:\/\/ryf2.team8.ch\/fr\/declaration-de-protection-des-donnees\/\",\"name\":\"D\u00e9claration de protection des donn\u00e9es - Dr. med. dent. Sacha Ryf\",\"isPartOf\":{\"@id\":\"https:\/\/ryf2.team8.ch\/#website\"},\"datePublished\":\"2023-09-11T07:35:14+00:00\",\"dateModified\":\"2023-09-11T08:34:23+00:00\",\"breadcrumb\":{\"@id\":\"https:\/\/ryf2.team8.ch\/fr\/declaration-de-protection-des-donnees\/#breadcrumb\"},\"inLanguage\":\"fr-FR\",\"potentialAction\":[{\"@type\":\"ReadAction\",\"target\":[\"https:\/\/ryf2.team8.ch\/fr\/declaration-de-protection-des-donnees\/\"]}]},{\"@type\":\"BreadcrumbList\",\"@id\":\"https:\/\/ryf2.team8.ch\/fr\/declaration-de-protection-des-donnees\/#breadcrumb\",\"itemListElement\":[{\"@type\":\"ListItem\",\"position\":1,\"name\":\"Startseite\",\"item\":\"https:\/\/ryf2.team8.ch\/fr\/\"},{\"@type\":\"ListItem\",\"position\":2,\"name\":\"D\u00e9claration de protection des donn\u00e9es\"}]},{\"@type\":\"WebSite\",\"@id\":\"https:\/\/ryf2.team8.ch\/#website\",\"url\":\"https:\/\/ryf2.team8.ch\/\",\"name\":\"Dr. med. dent. Sacha Ryf\",\"description\":\"Fachzahnarzt f\u00fcr Kieferorthop\u00e4die (CH) Biel \/ Bienne\",\"publisher\":{\"@id\":\"https:\/\/ryf2.team8.ch\/#organization\"},\"potentialAction\":[{\"@type\":\"SearchAction\",\"target\":{\"@type\":\"EntryPoint\",\"urlTemplate\":\"https:\/\/ryf2.team8.ch\/?s={search_term_string}\"},\"query-input\":{\"@type\":\"PropertyValueSpecification\",\"valueRequired\":true,\"valueName\":\"search_term_string\"}}],\"inLanguage\":\"fr-FR\"},{\"@type\":\"Organization\",\"@id\":\"https:\/\/ryf2.team8.ch\/#organization\",\"name\":\"Dr. Sacha Ryf\",\"url\":\"https:\/\/ryf2.team8.ch\/\",\"logo\":{\"@type\":\"ImageObject\",\"inLanguage\":\"fr-FR\",\"@id\":\"https:\/\/ryf2.team8.ch\/#\/schema\/logo\/image\/\",\"url\":\"https:\/\/ryf2.team8.ch\/wp-content\/uploads\/2019\/01\/ryf-logo-mobile.png\",\"contentUrl\":\"https:\/\/ryf2.team8.ch\/wp-content\/uploads\/2019\/01\/ryf-logo-mobile.png\",\"width\":150,\"height\":150,\"caption\":\"Dr. Sacha Ryf\"},\"image\":{\"@id\":\"https:\/\/ryf2.team8.ch\/#\/schema\/logo\/image\/\"},\"sameAs\":[\"https:\/\/www.facebook.com\/Dr-med-dent-Sacha-Ryf-Fachzahnarzt-f\u00fcr-Kieferorthop\u00e4die-CH-297929510749713\",\"https:\/\/www.instagram.com\/dr.sacharyf\/\"]}]}<\/script>\n<!-- \/ Yoast SEO plugin. -->","yoast_head_json":{"title":"D\u00e9claration de protection des donn\u00e9es - Dr. med. dent. Sacha Ryf","robots":{"index":"noindex","follow":"follow","max-snippet":"max-snippet:-1","max-image-preview":"max-image-preview:large","max-video-preview":"max-video-preview:-1"},"og_locale":"fr_FR","og_type":"article","og_title":"D\u00e9claration de protection des donn\u00e9es - Dr. med. dent. Sacha Ryf","og_url":"https:\/\/ryf2.team8.ch\/fr\/declaration-de-protection-des-donnees\/","og_site_name":"Dr. med. dent. Sacha Ryf","article_publisher":"https:\/\/www.facebook.com\/Dr-med-dent-Sacha-Ryf-Fachzahnarzt-f%c3%bcr-Kieferorthop%c3%a4die-CH-297929510749713","article_modified_time":"2023-09-11T08:34:23+00:00","twitter_card":"summary_large_image","twitter_misc":{"Dur\u00e9e de lecture estim\u00e9e":"6 minutes"},"schema":{"@context":"https:\/\/schema.org","@graph":[{"@type":"WebPage","@id":"https:\/\/ryf2.team8.ch\/fr\/declaration-de-protection-des-donnees\/","url":"https:\/\/ryf2.team8.ch\/fr\/declaration-de-protection-des-donnees\/","name":"D\u00e9claration de protection des donn\u00e9es - Dr. med. dent. Sacha Ryf","isPartOf":{"@id":"https:\/\/ryf2.team8.ch\/#website"},"datePublished":"2023-09-11T07:35:14+00:00","dateModified":"2023-09-11T08:34:23+00:00","breadcrumb":{"@id":"https:\/\/ryf2.team8.ch\/fr\/declaration-de-protection-des-donnees\/#breadcrumb"},"inLanguage":"fr-FR","potentialAction":[{"@type":"ReadAction","target":["https:\/\/ryf2.team8.ch\/fr\/declaration-de-protection-des-donnees\/"]}]},{"@type":"BreadcrumbList","@id":"https:\/\/ryf2.team8.ch\/fr\/declaration-de-protection-des-donnees\/#breadcrumb","itemListElement":[{"@type":"ListItem","position":1,"name":"Startseite","item":"https:\/\/ryf2.team8.ch\/fr\/"},{"@type":"ListItem","position":2,"name":"D\u00e9claration de protection des donn\u00e9es"}]},{"@type":"WebSite","@id":"https:\/\/ryf2.team8.ch\/#website","url":"https:\/\/ryf2.team8.ch\/","name":"Dr. med. dent. Sacha Ryf","description":"Fachzahnarzt f\u00fcr Kieferorthop\u00e4die (CH) Biel \/ Bienne","publisher":{"@id":"https:\/\/ryf2.team8.ch\/#organization"},"potentialAction":[{"@type":"SearchAction","target":{"@type":"EntryPoint","urlTemplate":"https:\/\/ryf2.team8.ch\/?s={search_term_string}"},"query-input":{"@type":"PropertyValueSpecification","valueRequired":true,"valueName":"search_term_string"}}],"inLanguage":"fr-FR"},{"@type":"Organization","@id":"https:\/\/ryf2.team8.ch\/#organization","name":"Dr. Sacha Ryf","url":"https:\/\/ryf2.team8.ch\/","logo":{"@type":"ImageObject","inLanguage":"fr-FR","@id":"https:\/\/ryf2.team8.ch\/#\/schema\/logo\/image\/","url":"https:\/\/ryf2.team8.ch\/wp-content\/uploads\/2019\/01\/ryf-logo-mobile.png","contentUrl":"https:\/\/ryf2.team8.ch\/wp-content\/uploads\/2019\/01\/ryf-logo-mobile.png","width":150,"height":150,"caption":"Dr. Sacha Ryf"},"image":{"@id":"https:\/\/ryf2.team8.ch\/#\/schema\/logo\/image\/"},"sameAs":["https:\/\/www.facebook.com\/Dr-med-dent-Sacha-Ryf-Fachzahnarzt-f\u00fcr-Kieferorthop\u00e4die-CH-297929510749713","https:\/\/www.instagram.com\/dr.sacharyf\/"]}]}},"_links":{"self":[{"href":"https:\/\/ryf2.team8.ch\/fr\/wp-json\/wp\/v2\/pages\/5850","targetHints":{"allow":["GET"]}}],"collection":[{"href":"https:\/\/ryf2.team8.ch\/fr\/wp-json\/wp\/v2\/pages"}],"about":[{"href":"https:\/\/ryf2.team8.ch\/fr\/wp-json\/wp\/v2\/types\/page"}],"author":[{"embeddable":true,"href":"https:\/\/ryf2.team8.ch\/fr\/wp-json\/wp\/v2\/users\/1"}],"replies":[{"embeddable":true,"href":"https:\/\/ryf2.team8.ch\/fr\/wp-json\/wp\/v2\/comments?post=5850"}],"version-history":[{"count":4,"href":"https:\/\/ryf2.team8.ch\/fr\/wp-json\/wp\/v2\/pages\/5850\/revisions"}],"predecessor-version":[{"id":5866,"href":"https:\/\/ryf2.team8.ch\/fr\/wp-json\/wp\/v2\/pages\/5850\/revisions\/5866"}],"wp:attachment":[{"href":"https:\/\/ryf2.team8.ch\/fr\/wp-json\/wp\/v2\/media?parent=5850"}],"curies":[{"name":"wp","href":"https:\/\/api.w.org\/{rel}","templated":true}]}}