{"id":875,"date":"2017-03-13T14:19:38","date_gmt":"2017-03-13T13:19:38","guid":{"rendered":"https:\/\/ryf2.team8.ch\/1ere-consultation-et-depistage\/"},"modified":"2018-12-31T09:15:44","modified_gmt":"2018-12-31T08:15:44","slug":"1ere-consultation-et-depistage","status":"publish","type":"page","link":"https:\/\/ryf2.team8.ch\/fr\/1ere-consultation-et-depistage\/","title":{"rendered":"1\u00e8re consultation et d\u00e9pistage"},"content":{"rendered":"<section class=\"l-section wpb_row height_auto width_full\"><div class=\"l-section-h i-cf\"><div class=\"g-cols vc_row via_flex valign_top type_default stacking_default\"><div class=\"vc_col-sm-12 wpb_column vc_column_container\"><div class=\"vc_column-inner\"><div class=\"wpb_wrapper\"><div id=\"ult-carousel-46264982769e3a6880177c\" class=\"ult-carousel-wrapper   ult_horizontal\" data-gutter=\"\" data-rtl=\"false\" ><div class=\"ult-carousel-1158862669e3a6880168c \" ><div class=\"ult-item-wrap\" data-animation=\"animated no-animation\"><div class=\"w-image align_none\"><div class=\"w-image-h\"><img decoding=\"async\" width=\"1920\" height=\"500\" src=\"https:\/\/ryf2.team8.ch\/wp-content\/uploads\/2017\/02\/beratung-1.jpg\" class=\"attachment-full size-full\" alt=\"\" loading=\"lazy\" srcset=\"https:\/\/ryf2.team8.ch\/wp-content\/uploads\/2017\/02\/beratung-1.jpg 1920w, https:\/\/ryf2.team8.ch\/wp-content\/uploads\/2017\/02\/beratung-1-300x78.jpg 300w, https:\/\/ryf2.team8.ch\/wp-content\/uploads\/2017\/02\/beratung-1-768x200.jpg 768w, https:\/\/ryf2.team8.ch\/wp-content\/uploads\/2017\/02\/beratung-1-1024x267.jpg 1024w, https:\/\/ryf2.team8.ch\/wp-content\/uploads\/2017\/02\/beratung-1-600x156.jpg 600w\" sizes=\"auto, (max-width: 1920px) 100vw, 1920px\" \/><\/div><\/div><\/div><div class=\"ult-item-wrap\" data-animation=\"animated no-animation\"><div class=\"w-image align_none\"><div class=\"w-image-h\"><img decoding=\"async\" width=\"1920\" height=\"500\" src=\"https:\/\/ryf2.team8.ch\/wp-content\/uploads\/2017\/02\/Nacht-10-1.jpg\" class=\"attachment-full size-full\" alt=\"\" loading=\"lazy\" srcset=\"https:\/\/ryf2.team8.ch\/wp-content\/uploads\/2017\/02\/Nacht-10-1.jpg 1920w, https:\/\/ryf2.team8.ch\/wp-content\/uploads\/2017\/02\/Nacht-10-1-300x78.jpg 300w, https:\/\/ryf2.team8.ch\/wp-content\/uploads\/2017\/02\/Nacht-10-1-768x200.jpg 768w, https:\/\/ryf2.team8.ch\/wp-content\/uploads\/2017\/02\/Nacht-10-1-1024x267.jpg 1024w, https:\/\/ryf2.team8.ch\/wp-content\/uploads\/2017\/02\/Nacht-10-1-600x156.jpg 600w\" sizes=\"auto, (max-width: 1920px) 100vw, 1920px\" \/><\/div><\/div><\/div><div class=\"ult-item-wrap\" data-animation=\"animated no-animation\"><div class=\"w-image align_none\"><div class=\"w-image-h\"><img decoding=\"async\" width=\"1920\" height=\"500\" src=\"https:\/\/ryf2.team8.ch\/wp-content\/uploads\/2017\/02\/5-1.jpg\" class=\"attachment-full size-full\" alt=\"\" loading=\"lazy\" srcset=\"https:\/\/ryf2.team8.ch\/wp-content\/uploads\/2017\/02\/5-1.jpg 1920w, https:\/\/ryf2.team8.ch\/wp-content\/uploads\/2017\/02\/5-1-300x78.jpg 300w, https:\/\/ryf2.team8.ch\/wp-content\/uploads\/2017\/02\/5-1-768x200.jpg 768w, https:\/\/ryf2.team8.ch\/wp-content\/uploads\/2017\/02\/5-1-1024x267.jpg 1024w, https:\/\/ryf2.team8.ch\/wp-content\/uploads\/2017\/02\/5-1-600x156.jpg 600w\" sizes=\"auto, (max-width: 1920px) 100vw, 1920px\" \/><\/div><\/div><\/div><\/div><\/div>\t\t\t<script type=\"text\/javascript\">\n\t\t\t\tjQuery(document).ready(function ($) {\n\t\t\t\t\tif( typeof jQuery('.ult-carousel-1158862669e3a6880168c').slick == \"function\"){\n\t\t\t\t\t\t$('.ult-carousel-1158862669e3a6880168c').slick({dots: false,autoplay: true,autoplaySpeed: 5000,speed: 300,infinite: true,arrows: false,slidesToScroll:1,slidesToShow:1,swipe: true,draggable: true,touchMove: true,pauseOnHover: true,pauseOnFocus: false,responsive: [\n\t\t\t\t\t\t\t{\n\t\t\t\t\t\t\t  breakpoint: 1026,\n\t\t\t\t\t\t\t  settings: {\n\t\t\t\t\t\t\t\tslidesToShow: 1,\n\t\t\t\t\t\t\t\tslidesToScroll: 1,  \n\t\t\t\t\t\t\t  }\n\t\t\t\t\t\t\t},\n\t\t\t\t\t\t\t{\n\t\t\t\t\t\t\t  breakpoint: 1025,\n\t\t\t\t\t\t\t  settings: {\n\t\t\t\t\t\t\t\tslidesToShow: 1,\n\t\t\t\t\t\t\t\tslidesToScroll: 1\n\t\t\t\t\t\t\t  }\n\t\t\t\t\t\t\t},\n\t\t\t\t\t\t\t{\n\t\t\t\t\t\t\t  breakpoint: 760,\n\t\t\t\t\t\t\t  settings: {\n\t\t\t\t\t\t\t\tslidesToShow: 1,\n\t\t\t\t\t\t\t\tslidesToScroll: 1\n\t\t\t\t\t\t\t  }\n\t\t\t\t\t\t\t}\n\t\t\t\t\t\t],pauseOnDotsHover: true,customPaging: function(slider, i) {\n                   return '<i type=\"button\" style= \"color:#333333;\" class=\"ultsl-record\" data-role=\"none\"><\/i>';\n                },});\n\t\t\t\t\t}\n\t\t\t\t});\n\t\t\t<\/script>\n\t\t\t<\/div><\/div><\/div><\/div><\/div><\/section><!-- Row Backgrounds --><div class=\"upb_color\" data-bg-override=\"0\" data-bg-color=\"#ffffff\" data-fadeout=\"\" data-fadeout-percentage=\"30\" data-parallax-content=\"\" data-parallax-content-sense=\"30\" data-row-effect-mobile-disable=\"true\" data-img-parallax-mobile-disable=\"true\" data-rtl=\"false\"  data-custom-vc-row=\"\"  data-vc=\"7.6\"  data-is_old_vc=\"\"  data-theme-support=\"\"   data-overlay=\"false\" data-overlay-color=\"\" data-overlay-pattern=\"\" data-overlay-pattern-opacity=\"\" data-overlay-pattern-size=\"\"    data-seperator=\"true\"  data-seperator-type=\"curve_up_seperator\"  data-seperator-shape-size=\"40\"  data-seperator-svg-height=\"125\"  data-seperator-full-width=\"true\" data-seperator-position=\"bottom_seperator\"  data-seperator-background-color=\"#ffffff\"  data-icon=\"\"  ><\/div><section class=\"l-section wpb_row height_small\"><div class=\"l-section-h i-cf\"><div class=\"g-cols vc_row via_flex valign_top type_default stacking_default\"><div class=\"vc_col-sm-12 wpb_column vc_column_container\"><div class=\"vc_column-inner\"><div class=\"wpb_wrapper\"><div class=\"wpb_text_column\"><div class=\"wpb_wrapper\"><h2>PREMI\u00c8RE CONSULTATION ET DIAGNOSTIC ORTHODONTIQUE<\/h2>\n<p>Normalement votre dentiste de famille ou votre dentiste scolaire vous recommande une visite ou une consultation chez le sp\u00e9cialiste en orthodontie (CH). Bien s\u00fbr, une premi\u00e8re consultation pourrait avoir lieu m\u00eame \u00e0 votre propre demande ou pr\u00e9occupation (contact).<\/p>\n<p>Chez les enfants la premi\u00e8re consultation devrait avoir lieu id\u00e9alement <span style=\"color: #ff0000\">\u00e0 l\u2018\u00e2ge de 9-10 ans.<\/span><\/p>\n<p>Orthodontie, cependant, ne conna\u00eet pas de limite d\u2018\u00e2ge. Les traitements sont \u00e9galement possibles chez les adultes.<\/p>\n<p>La <strong><span style=\"color: #0087d0\">premi\u00e8re consultation<\/span><\/strong> permet de d\u00e9terminer une anomalie squelettique ou dentaire. Vous serez inform\u00e9s de la possibilit\u00e9 d\u2018une correction, le temps id\u00e9al, la dur\u00e9e du traitement et les co\u00fbts approximatifs.<\/p>\n<p>Si un ajustement des m\u00e2choires ou des dents est n\u00e9cessaire, utile ou souhaitable, les documents de planification orthodontique suivants seront produits de mani\u00e8re ult\u00e9rieure\u00a0: des photos, des mod\u00e8les en pl\u00e2tre des m\u00e2choires et des radiographies sp\u00e9ciales num\u00e9riques ou m\u00eame des radiographies 3D de la patiente ou du patient.<\/p>\n<p>Cette <span style=\"color: #0087d0\"><strong>documentation orthodontique<\/strong><\/span> est essentielle afin d\u2019\u00e9laborer un plan de traitement individuel et comprend un rendez-vous suppl\u00e9mentaire pour une discussion personnelle et d\u00e9taill\u00e9e avec vous-m\u00eame ou avec les parents et votre enfant.<\/p>\n<p>Lors de <strong><span style=\"color: #0087d0\">l\u2019entretien<\/span><\/strong>, vous recevrez un devis \u00e9crit pour le traitement orthodontique. Vous serez inform\u00e9 d\u2019une \u00e9ventuelle participation du payement des frais du traitement par votre assurance compl\u00e9mentaire priv\u00e9e.<\/p>\n<p>De m\u00eame, une v\u00e9rification sera faite afin de savoir si l\u2019assurance invalidit\u00e9 f\u00e9d\u00e9rale (AI) ou votre compagnie d\u2019assurance paie une partie ou tous les frais du traitement.<\/p>\n<\/div><\/div><div class=\"w-separator size_custom\" style=\"height:50px\"><\/div><\/div><\/div><\/div><\/div><\/div><\/section>\n","protected":false},"excerpt":{"rendered":"PREMI\u00c8RE CONSULTATION ET DIAGNOSTIC ORTHODONTIQUE Normalement votre dentiste de famille ou votre dentiste scolaire vous recommande une visite ou une consultation chez le sp\u00e9cialiste en orthodontie (CH). Bien s\u00fbr, une premi\u00e8re consultation pourrait avoir lieu m\u00eame \u00e0 votre propre demande ou pr\u00e9occupation (contact). Chez les enfants la premi\u00e8re consultation devrait avoir lieu id\u00e9alement \u00e0 l\u2018\u00e2ge...","protected":false},"author":1,"featured_media":0,"parent":0,"menu_order":0,"comment_status":"closed","ping_status":"closed","template":"","meta":{"footnotes":""},"class_list":["post-875","page","type-page","status-publish","hentry"],"yoast_head":"<!-- This site is optimized with the Yoast SEO plugin v26.4 - https:\/\/yoast.com\/wordpress\/plugins\/seo\/ -->\n<title>1\u00e8re consultation et d\u00e9pistage - Dr. med. dent. Sacha Ryf<\/title>\n<meta name=\"robots\" content=\"noindex, follow, max-snippet:-1, max-image-preview:large, max-video-preview:-1\" \/>\n<meta property=\"og:locale\" content=\"fr_FR\" \/>\n<meta property=\"og:type\" content=\"article\" \/>\n<meta property=\"og:title\" content=\"1\u00e8re consultation et d\u00e9pistage - Dr. med. dent. Sacha Ryf\" \/>\n<meta property=\"og:url\" content=\"https:\/\/ryf2.team8.ch\/fr\/1ere-consultation-et-depistage\/\" \/>\n<meta property=\"og:site_name\" content=\"Dr. med. dent. Sacha Ryf\" \/>\n<meta property=\"article:publisher\" content=\"https:\/\/www.facebook.com\/Dr-med-dent-Sacha-Ryf-Fachzahnarzt-f%c3%bcr-Kieferorthop%c3%a4die-CH-297929510749713\" \/>\n<meta property=\"article:modified_time\" content=\"2018-12-31T08:15:44+00:00\" \/>\n<meta name=\"twitter:card\" content=\"summary_large_image\" \/>\n<meta name=\"twitter:label1\" content=\"Dur\u00e9e de lecture estim\u00e9e\" \/>\n\t<meta name=\"twitter:data1\" content=\"2 minutes\" \/>\n<script type=\"application\/ld+json\" class=\"yoast-schema-graph\">{\"@context\":\"https:\/\/schema.org\",\"@graph\":[{\"@type\":\"WebPage\",\"@id\":\"https:\/\/ryf2.team8.ch\/fr\/1ere-consultation-et-depistage\/\",\"url\":\"https:\/\/ryf2.team8.ch\/fr\/1ere-consultation-et-depistage\/\",\"name\":\"1\u00e8re consultation et d\u00e9pistage - Dr. med. dent. Sacha Ryf\",\"isPartOf\":{\"@id\":\"https:\/\/ryf2.team8.ch\/#website\"},\"datePublished\":\"2017-03-13T13:19:38+00:00\",\"dateModified\":\"2018-12-31T08:15:44+00:00\",\"breadcrumb\":{\"@id\":\"https:\/\/ryf2.team8.ch\/fr\/1ere-consultation-et-depistage\/#breadcrumb\"},\"inLanguage\":\"fr-FR\",\"potentialAction\":[{\"@type\":\"ReadAction\",\"target\":[\"https:\/\/ryf2.team8.ch\/fr\/1ere-consultation-et-depistage\/\"]}]},{\"@type\":\"BreadcrumbList\",\"@id\":\"https:\/\/ryf2.team8.ch\/fr\/1ere-consultation-et-depistage\/#breadcrumb\",\"itemListElement\":[{\"@type\":\"ListItem\",\"position\":1,\"name\":\"Startseite\",\"item\":\"https:\/\/ryf2.team8.ch\/fr\/\"},{\"@type\":\"ListItem\",\"position\":2,\"name\":\"1\u00e8re consultation et d\u00e9pistage\"}]},{\"@type\":\"WebSite\",\"@id\":\"https:\/\/ryf2.team8.ch\/#website\",\"url\":\"https:\/\/ryf2.team8.ch\/\",\"name\":\"Dr. med. dent. Sacha Ryf\",\"description\":\"Fachzahnarzt f\u00fcr Kieferorthop\u00e4die (CH) Biel \/ Bienne\",\"publisher\":{\"@id\":\"https:\/\/ryf2.team8.ch\/#organization\"},\"potentialAction\":[{\"@type\":\"SearchAction\",\"target\":{\"@type\":\"EntryPoint\",\"urlTemplate\":\"https:\/\/ryf2.team8.ch\/?s={search_term_string}\"},\"query-input\":{\"@type\":\"PropertyValueSpecification\",\"valueRequired\":true,\"valueName\":\"search_term_string\"}}],\"inLanguage\":\"fr-FR\"},{\"@type\":\"Organization\",\"@id\":\"https:\/\/ryf2.team8.ch\/#organization\",\"name\":\"Dr. Sacha Ryf\",\"url\":\"https:\/\/ryf2.team8.ch\/\",\"logo\":{\"@type\":\"ImageObject\",\"inLanguage\":\"fr-FR\",\"@id\":\"https:\/\/ryf2.team8.ch\/#\/schema\/logo\/image\/\",\"url\":\"https:\/\/ryf2.team8.ch\/wp-content\/uploads\/2019\/01\/ryf-logo-mobile.png\",\"contentUrl\":\"https:\/\/ryf2.team8.ch\/wp-content\/uploads\/2019\/01\/ryf-logo-mobile.png\",\"width\":150,\"height\":150,\"caption\":\"Dr. Sacha Ryf\"},\"image\":{\"@id\":\"https:\/\/ryf2.team8.ch\/#\/schema\/logo\/image\/\"},\"sameAs\":[\"https:\/\/www.facebook.com\/Dr-med-dent-Sacha-Ryf-Fachzahnarzt-f\u00fcr-Kieferorthop\u00e4die-CH-297929510749713\",\"https:\/\/www.instagram.com\/dr.sacharyf\/\"]}]}<\/script>\n<!-- \/ Yoast SEO plugin. -->","yoast_head_json":{"title":"1\u00e8re consultation et d\u00e9pistage - Dr. med. dent. Sacha Ryf","robots":{"index":"noindex","follow":"follow","max-snippet":"max-snippet:-1","max-image-preview":"max-image-preview:large","max-video-preview":"max-video-preview:-1"},"og_locale":"fr_FR","og_type":"article","og_title":"1\u00e8re consultation et d\u00e9pistage - Dr. med. dent. Sacha Ryf","og_url":"https:\/\/ryf2.team8.ch\/fr\/1ere-consultation-et-depistage\/","og_site_name":"Dr. med. dent. Sacha Ryf","article_publisher":"https:\/\/www.facebook.com\/Dr-med-dent-Sacha-Ryf-Fachzahnarzt-f%c3%bcr-Kieferorthop%c3%a4die-CH-297929510749713","article_modified_time":"2018-12-31T08:15:44+00:00","twitter_card":"summary_large_image","twitter_misc":{"Dur\u00e9e de lecture estim\u00e9e":"2 minutes"},"schema":{"@context":"https:\/\/schema.org","@graph":[{"@type":"WebPage","@id":"https:\/\/ryf2.team8.ch\/fr\/1ere-consultation-et-depistage\/","url":"https:\/\/ryf2.team8.ch\/fr\/1ere-consultation-et-depistage\/","name":"1\u00e8re consultation et d\u00e9pistage - Dr. med. dent. Sacha Ryf","isPartOf":{"@id":"https:\/\/ryf2.team8.ch\/#website"},"datePublished":"2017-03-13T13:19:38+00:00","dateModified":"2018-12-31T08:15:44+00:00","breadcrumb":{"@id":"https:\/\/ryf2.team8.ch\/fr\/1ere-consultation-et-depistage\/#breadcrumb"},"inLanguage":"fr-FR","potentialAction":[{"@type":"ReadAction","target":["https:\/\/ryf2.team8.ch\/fr\/1ere-consultation-et-depistage\/"]}]},{"@type":"BreadcrumbList","@id":"https:\/\/ryf2.team8.ch\/fr\/1ere-consultation-et-depistage\/#breadcrumb","itemListElement":[{"@type":"ListItem","position":1,"name":"Startseite","item":"https:\/\/ryf2.team8.ch\/fr\/"},{"@type":"ListItem","position":2,"name":"1\u00e8re consultation et d\u00e9pistage"}]},{"@type":"WebSite","@id":"https:\/\/ryf2.team8.ch\/#website","url":"https:\/\/ryf2.team8.ch\/","name":"Dr. med. dent. Sacha Ryf","description":"Fachzahnarzt f\u00fcr Kieferorthop\u00e4die (CH) Biel \/ Bienne","publisher":{"@id":"https:\/\/ryf2.team8.ch\/#organization"},"potentialAction":[{"@type":"SearchAction","target":{"@type":"EntryPoint","urlTemplate":"https:\/\/ryf2.team8.ch\/?s={search_term_string}"},"query-input":{"@type":"PropertyValueSpecification","valueRequired":true,"valueName":"search_term_string"}}],"inLanguage":"fr-FR"},{"@type":"Organization","@id":"https:\/\/ryf2.team8.ch\/#organization","name":"Dr. Sacha Ryf","url":"https:\/\/ryf2.team8.ch\/","logo":{"@type":"ImageObject","inLanguage":"fr-FR","@id":"https:\/\/ryf2.team8.ch\/#\/schema\/logo\/image\/","url":"https:\/\/ryf2.team8.ch\/wp-content\/uploads\/2019\/01\/ryf-logo-mobile.png","contentUrl":"https:\/\/ryf2.team8.ch\/wp-content\/uploads\/2019\/01\/ryf-logo-mobile.png","width":150,"height":150,"caption":"Dr. Sacha Ryf"},"image":{"@id":"https:\/\/ryf2.team8.ch\/#\/schema\/logo\/image\/"},"sameAs":["https:\/\/www.facebook.com\/Dr-med-dent-Sacha-Ryf-Fachzahnarzt-f\u00fcr-Kieferorthop\u00e4die-CH-297929510749713","https:\/\/www.instagram.com\/dr.sacharyf\/"]}]}},"_links":{"self":[{"href":"https:\/\/ryf2.team8.ch\/fr\/wp-json\/wp\/v2\/pages\/875","targetHints":{"allow":["GET"]}}],"collection":[{"href":"https:\/\/ryf2.team8.ch\/fr\/wp-json\/wp\/v2\/pages"}],"about":[{"href":"https:\/\/ryf2.team8.ch\/fr\/wp-json\/wp\/v2\/types\/page"}],"author":[{"embeddable":true,"href":"https:\/\/ryf2.team8.ch\/fr\/wp-json\/wp\/v2\/users\/1"}],"replies":[{"embeddable":true,"href":"https:\/\/ryf2.team8.ch\/fr\/wp-json\/wp\/v2\/comments?post=875"}],"version-history":[{"count":0,"href":"https:\/\/ryf2.team8.ch\/fr\/wp-json\/wp\/v2\/pages\/875\/revisions"}],"wp:attachment":[{"href":"https:\/\/ryf2.team8.ch\/fr\/wp-json\/wp\/v2\/media?parent=875"}],"curies":[{"name":"wp","href":"https:\/\/api.w.org\/{rel}","templated":true}]}}