{"id":952,"date":"2017-03-14T13:37:00","date_gmt":"2017-03-14T12:37:00","guid":{"rendered":"https:\/\/ryf2.team8.ch\/assurances\/"},"modified":"2023-02-27T21:37:33","modified_gmt":"2023-02-27T20:37:33","slug":"assurances","status":"publish","type":"page","link":"https:\/\/ryf2.team8.ch\/fr\/assurances\/","title":{"rendered":"Assurances"},"content":{"rendered":"<section class=\"l-section wpb_row height_auto width_full\"><div class=\"l-section-h i-cf\"><div class=\"g-cols vc_row via_flex valign_top type_default stacking_default\"><div class=\"vc_col-sm-12 wpb_column vc_column_container\"><div class=\"vc_column-inner\"><div class=\"wpb_wrapper\"><div id=\"ult-carousel-290319669769e3a31a5fb11\" class=\"ult-carousel-wrapper   ult_horizontal\" data-gutter=\"\" data-rtl=\"false\" ><div class=\"ult-carousel-417174868969e3a31a5fa27 \" ><div class=\"ult-item-wrap\" data-animation=\"animated no-animation\"><div class=\"w-image align_none\"><div class=\"w-image-h\"><img decoding=\"async\" width=\"1920\" height=\"500\" src=\"https:\/\/ryf2.team8.ch\/wp-content\/uploads\/2017\/02\/versicherung-1.jpg\" class=\"attachment-full size-full\" alt=\"\" loading=\"lazy\" srcset=\"https:\/\/ryf2.team8.ch\/wp-content\/uploads\/2017\/02\/versicherung-1.jpg 1920w, https:\/\/ryf2.team8.ch\/wp-content\/uploads\/2017\/02\/versicherung-1-300x78.jpg 300w, https:\/\/ryf2.team8.ch\/wp-content\/uploads\/2017\/02\/versicherung-1-768x200.jpg 768w, https:\/\/ryf2.team8.ch\/wp-content\/uploads\/2017\/02\/versicherung-1-1024x267.jpg 1024w, https:\/\/ryf2.team8.ch\/wp-content\/uploads\/2017\/02\/versicherung-1-600x156.jpg 600w\" sizes=\"auto, (max-width: 1920px) 100vw, 1920px\" \/><\/div><\/div><\/div><div class=\"ult-item-wrap\" data-animation=\"animated no-animation\"><div class=\"w-image align_none\"><div class=\"w-image-h\"><img decoding=\"async\" width=\"1920\" height=\"500\" src=\"https:\/\/ryf2.team8.ch\/wp-content\/uploads\/2017\/02\/Nacht-8.jpg\" class=\"attachment-full size-full\" alt=\"\" loading=\"lazy\" srcset=\"https:\/\/ryf2.team8.ch\/wp-content\/uploads\/2017\/02\/Nacht-8.jpg 1920w, https:\/\/ryf2.team8.ch\/wp-content\/uploads\/2017\/02\/Nacht-8-300x78.jpg 300w, https:\/\/ryf2.team8.ch\/wp-content\/uploads\/2017\/02\/Nacht-8-768x200.jpg 768w, https:\/\/ryf2.team8.ch\/wp-content\/uploads\/2017\/02\/Nacht-8-1024x267.jpg 1024w, https:\/\/ryf2.team8.ch\/wp-content\/uploads\/2017\/02\/Nacht-8-600x156.jpg 600w\" sizes=\"auto, (max-width: 1920px) 100vw, 1920px\" \/><\/div><\/div><\/div><div class=\"ult-item-wrap\" data-animation=\"animated no-animation\"><div class=\"w-image align_none\"><div class=\"w-image-h\"><img decoding=\"async\" width=\"1920\" height=\"500\" src=\"https:\/\/ryf2.team8.ch\/wp-content\/uploads\/2017\/02\/16-1.jpg\" class=\"attachment-full size-full\" alt=\"\" loading=\"lazy\" srcset=\"https:\/\/ryf2.team8.ch\/wp-content\/uploads\/2017\/02\/16-1.jpg 1920w, https:\/\/ryf2.team8.ch\/wp-content\/uploads\/2017\/02\/16-1-300x78.jpg 300w, https:\/\/ryf2.team8.ch\/wp-content\/uploads\/2017\/02\/16-1-768x200.jpg 768w, https:\/\/ryf2.team8.ch\/wp-content\/uploads\/2017\/02\/16-1-1024x267.jpg 1024w, https:\/\/ryf2.team8.ch\/wp-content\/uploads\/2017\/02\/16-1-600x156.jpg 600w\" sizes=\"auto, (max-width: 1920px) 100vw, 1920px\" \/><\/div><\/div><\/div><\/div><\/div>\t\t\t<script type=\"text\/javascript\">\n\t\t\t\tjQuery(document).ready(function ($) {\n\t\t\t\t\tif( typeof jQuery('.ult-carousel-417174868969e3a31a5fa27').slick == \"function\"){\n\t\t\t\t\t\t$('.ult-carousel-417174868969e3a31a5fa27').slick({dots: false,autoplay: true,autoplaySpeed: 5000,speed: 300,infinite: true,arrows: false,slidesToScroll:1,slidesToShow:1,swipe: true,draggable: true,touchMove: true,pauseOnHover: false,pauseOnFocus: false,responsive: [\n\t\t\t\t\t\t\t{\n\t\t\t\t\t\t\t  breakpoint: 1026,\n\t\t\t\t\t\t\t  settings: {\n\t\t\t\t\t\t\t\tslidesToShow: 1,\n\t\t\t\t\t\t\t\tslidesToScroll: 1,  \n\t\t\t\t\t\t\t  }\n\t\t\t\t\t\t\t},\n\t\t\t\t\t\t\t{\n\t\t\t\t\t\t\t  breakpoint: 1025,\n\t\t\t\t\t\t\t  settings: {\n\t\t\t\t\t\t\t\tslidesToShow: 1,\n\t\t\t\t\t\t\t\tslidesToScroll: 1\n\t\t\t\t\t\t\t  }\n\t\t\t\t\t\t\t},\n\t\t\t\t\t\t\t{\n\t\t\t\t\t\t\t  breakpoint: 760,\n\t\t\t\t\t\t\t  settings: {\n\t\t\t\t\t\t\t\tslidesToShow: 1,\n\t\t\t\t\t\t\t\tslidesToScroll: 1\n\t\t\t\t\t\t\t  }\n\t\t\t\t\t\t\t}\n\t\t\t\t\t\t],pauseOnDotsHover: true,customPaging: function(slider, i) {\n                   return '<i type=\"button\" style= \"color:#333333;\" class=\"ultsl-record\" data-role=\"none\"><\/i>';\n                },});\n\t\t\t\t\t}\n\t\t\t\t});\n\t\t\t<\/script>\n\t\t\t<\/div><\/div><\/div><\/div><\/div><\/section><!-- Row Backgrounds --><div class=\"upb_color\" data-bg-override=\"0\" data-bg-color=\"#ffffff\" data-fadeout=\"\" data-fadeout-percentage=\"30\" data-parallax-content=\"\" data-parallax-content-sense=\"30\" data-row-effect-mobile-disable=\"true\" data-img-parallax-mobile-disable=\"true\" data-rtl=\"false\"  data-custom-vc-row=\"\"  data-vc=\"7.6\"  data-is_old_vc=\"\"  data-theme-support=\"\"   data-overlay=\"false\" data-overlay-color=\"\" data-overlay-pattern=\"\" data-overlay-pattern-opacity=\"\" data-overlay-pattern-size=\"\"    data-seperator=\"true\"  data-seperator-type=\"curve_up_seperator\"  data-seperator-shape-size=\"40\"  data-seperator-svg-height=\"125\"  data-seperator-full-width=\"true\" data-seperator-position=\"bottom_seperator\"  data-seperator-background-color=\"#ffffff\"  data-icon=\"\"  ><\/div><section class=\"l-section wpb_row height_small\"><div class=\"l-section-h i-cf\"><div class=\"g-cols vc_row via_flex valign_top type_default stacking_default\"><div class=\"vc_col-sm-12 wpb_column vc_column_container\"><div class=\"vc_column-inner\"><div class=\"wpb_wrapper\"><div class=\"wpb_text_column\"><div class=\"wpb_wrapper\"><h2>Assurances<\/h2>\n<p>Les remboursements des co\u00fbts pour un traitement orthodontique sont uniquement pris en compte par une <span style=\"color: #0087d0;\"><strong>assurance compl\u00e9mentaire (LCA).<\/strong><\/span><\/p>\n<p>Celle-ci doit \u00eatre effectu\u00e9e avant <span style=\"color: #0087d0;\"><strong>l\u2019\u00e2ge de 3 ans r\u00e9volus<\/strong><\/span> sans la n\u00e9cessit\u00e9 d\u2018une attestation \u00e9tablie par un m\u00e9decin-dentiste.<\/p>\n<p>Si l\u2019enfant pr\u00e9sente un probl\u00e8me orthodontique ou une occlusion incorrecte avant d\u2019avoir \u00e9t\u00e9 assur\u00e9, les frais ne seront pas pris en charge.<br \/>\nSi pendant le traitement, le patient change d\u2019assurance ou ne remplit pas le formulaire de mani\u00e8re correcte, l\u2019assurance est en droit de refuser le remboursement.<\/p>\n<p>Une assurance dentaire suppl\u00e9mentaire n\u2019est pas forc\u00e9ment recommand\u00e9e de par sa prime tr\u00e8s \u00e9lev\u00e9e, d\u2019autant plus que celle-ci ne couvre pas n\u00e9cessairement les frais d\u2019un traitement orthodontique.<\/p>\n<p>Une bonne couverture aupr\u00e8s d\u2019une assurance compl\u00e9mentaire LCA rembourse 75% ou plus des traitements orthodontiques sans plafond annuel. Celle-ci peut-\u00eatre activ\u00e9e \u00e0 tout \u00e2ge et cess\u00e9 \u00e9galement selon vos souhaits, l\u2019\u00e2ge n\u2019\u00e9tant pas un crit\u00e8re (id\u00e9al pour les adultes).<\/p>\n<p>Exemple \u00e0 lire: Visana (LCA) CC &#8211; Visana rembourse jusqu\u2019\u00e0 80% un montant maximal de CHF 10\u2019000. Le traitement orthodontique peut atteindre CHF 12&rsquo;500 (80% seront calcul\u00e9 sur CHF 10&rsquo;000).<\/p>\n<\/div><\/div><div class=\" ubtn-ctn-left \"><a class=\"ubtn-link ult-adjust-bottom-margin ubtn-left ubtn-normal \" href=\"https:\/\/ryf2.team8.ch\/wp-content\/uploads\/2022\/12\/Krankenkassen-2023-Dr.-Sacha-Ryf-.pdf\" ><button type=\"button\" id=\"ubtn-9737\"  class=\"ubtn ult-adjust-bottom-margin ult-responsive ubtn-normal ubtn-no-hover-bg  none  ubtn-left   tooltip-69e3a31a61f97\"  data-hover=\"#ffffff\" data-border-color=\"\" data-bg=\"#008bd2\" data-hover-bg=\"#36abe2\" data-border-hover=\"\" data-shadow-hover=\"\" data-shadow-click=\"none\" data-shadow=\"\" data-shd-shadow=\"\"  data-ultimate-target='#ubtn-9737'  data-responsive-json-new='{\"font-size\":\"\",\"line-height\":\"\"}'  style=\"font-weight:normal;border:none;background: #008bd2;color: #ffffff;\"><span class=\"ubtn-hover\" style=\"background-color:#36abe2\"><\/span><span class=\"ubtn-data ubtn-text \" >Primes 2023<\/span><\/button><\/a><\/div><\/div><\/div><\/div><\/div><\/div><\/section><section class=\"l-section wpb_row height_small\"><div class=\"l-section-h i-cf\"><div class=\"g-cols vc_row via_flex valign_top type_default stacking_default\"><div class=\"vc_col-sm-12 wpb_column vc_column_container\"><div class=\"vc_column-inner\"><div class=\"wpb_wrapper\"><div class=\"wpb_text_column\"><div class=\"wpb_wrapper\"><h3>En savoir plus<\/h3>\n<\/div><\/div><div class=\"w-separator size_custom\" style=\"height:32px\"><\/div><div class=\"g-cols wpb_row via_flex valign_top type_default stacking_default\"><div class=\"vc_col-sm-3 wpb_column vc_column_container\"><div class=\"vc_column-inner\"><div class=\"wpb_wrapper\"><div class=\"w-image align_center\"><a title=\"https:\/\/www.sso.ch\/fr\/patients\/assurances.html\" target=\" _blank\" rel=\"nofollow\" href=\"https:\/\/www.sso.ch\/fr\/patients\/assurances.html\" aria-label=\"SSO_Basis_4Spr_d_f_i_e_RGB\" class=\"w-image-h\"><img decoding=\"async\" width=\"300\" height=\"230\" src=\"https:\/\/ryf2.team8.ch\/wp-content\/uploads\/2017\/02\/SSO_Basis_4Spr_d_f_i_e_RGB.jpg\" class=\"attachment-large size-large\" alt=\"Zusatzversicherunge SSO\" loading=\"lazy\" \/><\/a><\/div><div class=\"wpb_text_column\"><div class=\"wpb_wrapper\"><p style=\"text-align: center;\"><a href=\"https:\/\/www.sso.ch\/fr\/patients\/assurances.html\" target=\"_blank\" rel=\"noopener noreferrer\">SSO<\/a><\/p>\n<\/div><\/div><\/div><\/div><\/div><div class=\"vc_col-sm-3 wpb_column vc_column_container\"><div class=\"vc_column-inner\"><div class=\"wpb_wrapper\"><div class=\"w-image align_none\"><a title=\"https:\/\/www.bonasavoir.ch\/918328-a-quoi-bon-assurer-ses-dents\" target=\" _blank\" rel=\"nofollow\" href=\"https:\/\/www.bonasavoir.ch\/918328-a-quoi-bon-assurer-ses-dents\" aria-label=\"screen_bonasavoir_fr\" class=\"w-image-h\"><img decoding=\"async\" width=\"300\" height=\"230\" src=\"https:\/\/ryf2.team8.ch\/wp-content\/uploads\/2017\/03\/screen_bonasavoir_fr.jpg\" class=\"attachment-large size-large\" alt=\"\" loading=\"lazy\" \/><\/a><\/div><div class=\"wpb_text_column\"><div class=\"wpb_wrapper\"><p style=\"text-align: center;\"><a href=\"https:\/\/www.bonasavoir.ch\/918328-a-quoi-bon-assurer-ses-dents\" target=\"_blank\" rel=\"noopener noreferrer\">Bon \u00e0 savoir TCFn\u00b011-2013<\/a><\/p>\n<\/div><\/div><\/div><\/div><\/div><div class=\"vc_col-sm-3 wpb_column vc_column_container\"><div class=\"vc_column-inner\"><div class=\"wpb_wrapper\"><\/div><\/div><\/div><div class=\"vc_col-sm-3 wpb_column vc_column_container\"><div class=\"vc_column-inner\"><div class=\"wpb_wrapper\"><\/div><\/div><\/div><\/div><\/div><\/div><\/div><\/div><\/div><\/section><section class=\"l-section wpb_row height_small\"><div class=\"l-section-h i-cf\"><div class=\"g-cols vc_row via_flex valign_top type_default stacking_default\"><div class=\"vc_col-sm-12 wpb_column vc_column_container\"><div class=\"vc_column-inner\"><div class=\"wpb_wrapper\"><div class=\"wpb_text_column\"><div class=\"wpb_wrapper\"><h3>L\u2019AMal<\/h3>\n<p>L\u2019assurance de base (LAMal) ne prend pas en charge les traitements orthodontiques.<br \/>\nParfois, il y a des exceptions lorsqu\u2019une dent est incluse dans l\u2019os. Ce genre de situation sera pris en compte seulement si tous les crit\u00e8res exig\u00e9s par l\u2019assurance sont \u00e9tablis.<\/p>\n<h3>L\u2019AI<\/h3>\n<p>Seul les sp\u00e9cialistes en orthodontie (CH) sont autoris\u00e9s \u00e0 mesurer les t\u00e9l\u00e9radiographies exig\u00e9es par l\u2018assurance AI.<br \/>\nA partir de 20 ans r\u00e9volus les co\u00fbts ne seront plus pris en charge.<\/p>\n<p>Tout au long de la consultation et diagnose orthodontique, les patients seront inform\u00e9s si les crit\u00e8res rentrent dans les attentes de l\u2019AI.<\/p>\n<p>Les formulaires pour l\u2019AI seront fournis pendant l\u2019entretien d\u2019information, ceux-ci seront remplis par les parents et envoy\u00e9s directement \u00e0 l\u2019assurance-invalidit\u00e9 (AI).<\/p>\n<h2>CONTRIBUTION DE LA COMMUNE<\/h2>\n<p>Une contribution de la commune sera prise en charge seulement suite \u00e0 une expertise aupr\u00e8s d\u2019un expert en orthodontie, affirmant la n\u00e9cessit\u00e9 selon les conditions soutenues ainsi que tous les crit\u00e8res exig\u00e9s.<\/p>\n<p>Toutefois, m\u00eame si une n\u00e9cessit\u00e9 du traitement est confirm\u00e9e, le remboursement peut \u00eatre refus\u00e9. Si celui-ci ne remplit pas les crit\u00e8res des exigences, si le patient est couvert par une assurance compl\u00e9mentaire (LCA) pouvant couvrir les frais, ou la d\u00e9claration des imp\u00f4ts repr\u00e9sente une fortune au-dessus du minimum accord\u00e9 pour un remboursement, ainsi que lorsque la commune n\u2019est pas en mesure de couvrir les d\u00e9penses sp\u00e9cialement con\u00e7ues pour le traitement orthodontique.<\/p>\n<p>D\u00e8s que toutes les conditions sont totalement remplies le dossier sera transmis \u00e0 un expert en orthodontie directement par nous.<\/p>\n<p>Les co\u00fbts pour un traitement orthodontique peuvent varier selon la n\u00e9cessit\u00e9 du traitement ou des souhaits du patient ainsi qu\u2019au tarif SSO calcul\u00e9. Par la suite il y a le tarif priv\u00e9 tax\u00e9 \u00e0 CHF 3.50, le tarif de l\u2019assurance sociale AI, l\u2019assurance obligatoire ainsi que les remboursements de la commune, calcul\u00e9s avec un tarif de CHF 3.10.<\/p>\n<p>Un soutien personnel vous sera accord\u00e9, tout au long du premier entretien. Notamment les d\u00e9tails par rapport au plan du traitement orthodontique, les diff\u00e9rentes possibilit\u00e9s de financement afin que toutes les conditions g\u00e9n\u00e9rales soient appari\u00e9es dans la mesure du possible.<\/p>\n<\/div><\/div><\/div><\/div><\/div><\/div><\/div><\/section>\n","protected":false},"excerpt":{"rendered":"Assurances Les remboursements des co\u00fbts pour un traitement orthodontique sont uniquement pris en compte par une assurance compl\u00e9mentaire (LCA). Celle-ci doit \u00eatre effectu\u00e9e avant l\u2019\u00e2ge de 3 ans r\u00e9volus sans la n\u00e9cessit\u00e9 d\u2018une attestation \u00e9tablie par un m\u00e9decin-dentiste. Si l\u2019enfant pr\u00e9sente un probl\u00e8me orthodontique ou une occlusion incorrecte avant d\u2019avoir \u00e9t\u00e9 assur\u00e9, les frais ne...","protected":false},"author":1,"featured_media":0,"parent":0,"menu_order":0,"comment_status":"closed","ping_status":"closed","template":"","meta":{"footnotes":""},"class_list":["post-952","page","type-page","status-publish","hentry"],"yoast_head":"<!-- This site is optimized with the Yoast SEO plugin v26.4 - https:\/\/yoast.com\/wordpress\/plugins\/seo\/ -->\n<title>Assurances - Dr. med. dent. Sacha Ryf<\/title>\n<meta name=\"robots\" content=\"noindex, follow, max-snippet:-1, max-image-preview:large, max-video-preview:-1\" \/>\n<meta property=\"og:locale\" content=\"fr_FR\" \/>\n<meta property=\"og:type\" content=\"article\" \/>\n<meta property=\"og:title\" content=\"Assurances - Dr. med. dent. Sacha Ryf\" \/>\n<meta property=\"og:url\" content=\"https:\/\/ryf2.team8.ch\/fr\/assurances\/\" \/>\n<meta property=\"og:site_name\" content=\"Dr. med. dent. Sacha Ryf\" \/>\n<meta property=\"article:publisher\" content=\"https:\/\/www.facebook.com\/Dr-med-dent-Sacha-Ryf-Fachzahnarzt-f%c3%bcr-Kieferorthop%c3%a4die-CH-297929510749713\" \/>\n<meta property=\"article:modified_time\" content=\"2023-02-27T20:37:33+00:00\" \/>\n<meta name=\"twitter:card\" content=\"summary_large_image\" \/>\n<meta name=\"twitter:label1\" content=\"Dur\u00e9e de lecture estim\u00e9e\" \/>\n\t<meta name=\"twitter:data1\" content=\"4 minutes\" \/>\n<script type=\"application\/ld+json\" class=\"yoast-schema-graph\">{\"@context\":\"https:\/\/schema.org\",\"@graph\":[{\"@type\":\"WebPage\",\"@id\":\"https:\/\/ryf2.team8.ch\/fr\/assurances\/\",\"url\":\"https:\/\/ryf2.team8.ch\/fr\/assurances\/\",\"name\":\"Assurances - Dr. med. dent. Sacha Ryf\",\"isPartOf\":{\"@id\":\"https:\/\/ryf2.team8.ch\/#website\"},\"datePublished\":\"2017-03-14T12:37:00+00:00\",\"dateModified\":\"2023-02-27T20:37:33+00:00\",\"breadcrumb\":{\"@id\":\"https:\/\/ryf2.team8.ch\/fr\/assurances\/#breadcrumb\"},\"inLanguage\":\"fr-FR\",\"potentialAction\":[{\"@type\":\"ReadAction\",\"target\":[\"https:\/\/ryf2.team8.ch\/fr\/assurances\/\"]}]},{\"@type\":\"BreadcrumbList\",\"@id\":\"https:\/\/ryf2.team8.ch\/fr\/assurances\/#breadcrumb\",\"itemListElement\":[{\"@type\":\"ListItem\",\"position\":1,\"name\":\"Startseite\",\"item\":\"https:\/\/ryf2.team8.ch\/fr\/\"},{\"@type\":\"ListItem\",\"position\":2,\"name\":\"Assurances\"}]},{\"@type\":\"WebSite\",\"@id\":\"https:\/\/ryf2.team8.ch\/#website\",\"url\":\"https:\/\/ryf2.team8.ch\/\",\"name\":\"Dr. med. dent. Sacha Ryf\",\"description\":\"Fachzahnarzt f\u00fcr Kieferorthop\u00e4die (CH) Biel \/ Bienne\",\"publisher\":{\"@id\":\"https:\/\/ryf2.team8.ch\/#organization\"},\"potentialAction\":[{\"@type\":\"SearchAction\",\"target\":{\"@type\":\"EntryPoint\",\"urlTemplate\":\"https:\/\/ryf2.team8.ch\/?s={search_term_string}\"},\"query-input\":{\"@type\":\"PropertyValueSpecification\",\"valueRequired\":true,\"valueName\":\"search_term_string\"}}],\"inLanguage\":\"fr-FR\"},{\"@type\":\"Organization\",\"@id\":\"https:\/\/ryf2.team8.ch\/#organization\",\"name\":\"Dr. Sacha Ryf\",\"url\":\"https:\/\/ryf2.team8.ch\/\",\"logo\":{\"@type\":\"ImageObject\",\"inLanguage\":\"fr-FR\",\"@id\":\"https:\/\/ryf2.team8.ch\/#\/schema\/logo\/image\/\",\"url\":\"https:\/\/ryf2.team8.ch\/wp-content\/uploads\/2019\/01\/ryf-logo-mobile.png\",\"contentUrl\":\"https:\/\/ryf2.team8.ch\/wp-content\/uploads\/2019\/01\/ryf-logo-mobile.png\",\"width\":150,\"height\":150,\"caption\":\"Dr. Sacha Ryf\"},\"image\":{\"@id\":\"https:\/\/ryf2.team8.ch\/#\/schema\/logo\/image\/\"},\"sameAs\":[\"https:\/\/www.facebook.com\/Dr-med-dent-Sacha-Ryf-Fachzahnarzt-f\u00fcr-Kieferorthop\u00e4die-CH-297929510749713\",\"https:\/\/www.instagram.com\/dr.sacharyf\/\"]}]}<\/script>\n<!-- \/ Yoast SEO plugin. -->","yoast_head_json":{"title":"Assurances - Dr. med. dent. Sacha Ryf","robots":{"index":"noindex","follow":"follow","max-snippet":"max-snippet:-1","max-image-preview":"max-image-preview:large","max-video-preview":"max-video-preview:-1"},"og_locale":"fr_FR","og_type":"article","og_title":"Assurances - Dr. med. dent. Sacha Ryf","og_url":"https:\/\/ryf2.team8.ch\/fr\/assurances\/","og_site_name":"Dr. med. dent. Sacha Ryf","article_publisher":"https:\/\/www.facebook.com\/Dr-med-dent-Sacha-Ryf-Fachzahnarzt-f%c3%bcr-Kieferorthop%c3%a4die-CH-297929510749713","article_modified_time":"2023-02-27T20:37:33+00:00","twitter_card":"summary_large_image","twitter_misc":{"Dur\u00e9e de lecture estim\u00e9e":"4 minutes"},"schema":{"@context":"https:\/\/schema.org","@graph":[{"@type":"WebPage","@id":"https:\/\/ryf2.team8.ch\/fr\/assurances\/","url":"https:\/\/ryf2.team8.ch\/fr\/assurances\/","name":"Assurances - Dr. med. dent. Sacha Ryf","isPartOf":{"@id":"https:\/\/ryf2.team8.ch\/#website"},"datePublished":"2017-03-14T12:37:00+00:00","dateModified":"2023-02-27T20:37:33+00:00","breadcrumb":{"@id":"https:\/\/ryf2.team8.ch\/fr\/assurances\/#breadcrumb"},"inLanguage":"fr-FR","potentialAction":[{"@type":"ReadAction","target":["https:\/\/ryf2.team8.ch\/fr\/assurances\/"]}]},{"@type":"BreadcrumbList","@id":"https:\/\/ryf2.team8.ch\/fr\/assurances\/#breadcrumb","itemListElement":[{"@type":"ListItem","position":1,"name":"Startseite","item":"https:\/\/ryf2.team8.ch\/fr\/"},{"@type":"ListItem","position":2,"name":"Assurances"}]},{"@type":"WebSite","@id":"https:\/\/ryf2.team8.ch\/#website","url":"https:\/\/ryf2.team8.ch\/","name":"Dr. med. dent. Sacha Ryf","description":"Fachzahnarzt f\u00fcr Kieferorthop\u00e4die (CH) Biel \/ Bienne","publisher":{"@id":"https:\/\/ryf2.team8.ch\/#organization"},"potentialAction":[{"@type":"SearchAction","target":{"@type":"EntryPoint","urlTemplate":"https:\/\/ryf2.team8.ch\/?s={search_term_string}"},"query-input":{"@type":"PropertyValueSpecification","valueRequired":true,"valueName":"search_term_string"}}],"inLanguage":"fr-FR"},{"@type":"Organization","@id":"https:\/\/ryf2.team8.ch\/#organization","name":"Dr. Sacha Ryf","url":"https:\/\/ryf2.team8.ch\/","logo":{"@type":"ImageObject","inLanguage":"fr-FR","@id":"https:\/\/ryf2.team8.ch\/#\/schema\/logo\/image\/","url":"https:\/\/ryf2.team8.ch\/wp-content\/uploads\/2019\/01\/ryf-logo-mobile.png","contentUrl":"https:\/\/ryf2.team8.ch\/wp-content\/uploads\/2019\/01\/ryf-logo-mobile.png","width":150,"height":150,"caption":"Dr. Sacha Ryf"},"image":{"@id":"https:\/\/ryf2.team8.ch\/#\/schema\/logo\/image\/"},"sameAs":["https:\/\/www.facebook.com\/Dr-med-dent-Sacha-Ryf-Fachzahnarzt-f\u00fcr-Kieferorthop\u00e4die-CH-297929510749713","https:\/\/www.instagram.com\/dr.sacharyf\/"]}]}},"_links":{"self":[{"href":"https:\/\/ryf2.team8.ch\/fr\/wp-json\/wp\/v2\/pages\/952","targetHints":{"allow":["GET"]}}],"collection":[{"href":"https:\/\/ryf2.team8.ch\/fr\/wp-json\/wp\/v2\/pages"}],"about":[{"href":"https:\/\/ryf2.team8.ch\/fr\/wp-json\/wp\/v2\/types\/page"}],"author":[{"embeddable":true,"href":"https:\/\/ryf2.team8.ch\/fr\/wp-json\/wp\/v2\/users\/1"}],"replies":[{"embeddable":true,"href":"https:\/\/ryf2.team8.ch\/fr\/wp-json\/wp\/v2\/comments?post=952"}],"version-history":[{"count":0,"href":"https:\/\/ryf2.team8.ch\/fr\/wp-json\/wp\/v2\/pages\/952\/revisions"}],"wp:attachment":[{"href":"https:\/\/ryf2.team8.ch\/fr\/wp-json\/wp\/v2\/media?parent=952"}],"curies":[{"name":"wp","href":"https:\/\/api.w.org\/{rel}","templated":true}]}}