{"id":960,"date":"2017-03-14T13:37:57","date_gmt":"2017-03-14T12:37:57","guid":{"rendered":"https:\/\/ryf2.team8.ch\/assurances\/primes-2017\/"},"modified":"2022-01-02T23:02:19","modified_gmt":"2022-01-02T22:02:19","slug":"primes","status":"publish","type":"page","link":"https:\/\/ryf2.team8.ch\/fr\/assurances\/primes\/","title":{"rendered":"Primes"},"content":{"rendered":"<section class=\"l-section wpb_row height_auto width_full\"><div class=\"l-section-h i-cf\"><div class=\"g-cols vc_row via_flex valign_top type_default stacking_default\"><div class=\"vc_col-sm-12 wpb_column vc_column_container\"><div class=\"vc_column-inner\"><div class=\"wpb_wrapper\"><div id=\"ult-carousel-114686151069e3a3114b424\" class=\"ult-carousel-wrapper   ult_horizontal\" data-gutter=\"\" data-rtl=\"false\" ><div class=\"ult-carousel-297479155369e3a3114b31b \" ><div class=\"ult-item-wrap\" data-animation=\"animated no-animation\"><div class=\"w-image align_none\"><div class=\"w-image-h\"><img decoding=\"async\" width=\"1920\" height=\"500\" src=\"https:\/\/ryf2.team8.ch\/wp-content\/uploads\/2017\/02\/pr\u00e4mien-1.jpg\" class=\"attachment-full size-full\" alt=\"\" loading=\"lazy\" srcset=\"https:\/\/ryf2.team8.ch\/wp-content\/uploads\/2017\/02\/pr\u00e4mien-1.jpg 1920w, https:\/\/ryf2.team8.ch\/wp-content\/uploads\/2017\/02\/pr\u00e4mien-1-300x78.jpg 300w, https:\/\/ryf2.team8.ch\/wp-content\/uploads\/2017\/02\/pr\u00e4mien-1-768x200.jpg 768w, https:\/\/ryf2.team8.ch\/wp-content\/uploads\/2017\/02\/pr\u00e4mien-1-1024x267.jpg 1024w, https:\/\/ryf2.team8.ch\/wp-content\/uploads\/2017\/02\/pr\u00e4mien-1-600x156.jpg 600w\" sizes=\"auto, (max-width: 1920px) 100vw, 1920px\" \/><\/div><\/div><\/div><div class=\"ult-item-wrap\" data-animation=\"animated no-animation\"><div class=\"w-image align_none\"><div class=\"w-image-h\"><img decoding=\"async\" width=\"1920\" height=\"500\" src=\"https:\/\/ryf2.team8.ch\/wp-content\/uploads\/2017\/02\/7-1.jpg\" class=\"attachment-full size-full\" alt=\"\" loading=\"lazy\" srcset=\"https:\/\/ryf2.team8.ch\/wp-content\/uploads\/2017\/02\/7-1.jpg 1920w, https:\/\/ryf2.team8.ch\/wp-content\/uploads\/2017\/02\/7-1-300x78.jpg 300w, https:\/\/ryf2.team8.ch\/wp-content\/uploads\/2017\/02\/7-1-768x200.jpg 768w, https:\/\/ryf2.team8.ch\/wp-content\/uploads\/2017\/02\/7-1-1024x267.jpg 1024w, https:\/\/ryf2.team8.ch\/wp-content\/uploads\/2017\/02\/7-1-600x156.jpg 600w\" sizes=\"auto, (max-width: 1920px) 100vw, 1920px\" \/><\/div><\/div><\/div><div class=\"ult-item-wrap\" data-animation=\"animated no-animation\"><div class=\"w-image align_none\"><div class=\"w-image-h\"><img decoding=\"async\" width=\"1920\" height=\"500\" src=\"https:\/\/ryf2.team8.ch\/wp-content\/uploads\/2017\/02\/10-1.jpg\" class=\"attachment-full size-full\" alt=\"\" loading=\"lazy\" srcset=\"https:\/\/ryf2.team8.ch\/wp-content\/uploads\/2017\/02\/10-1.jpg 1920w, https:\/\/ryf2.team8.ch\/wp-content\/uploads\/2017\/02\/10-1-300x78.jpg 300w, https:\/\/ryf2.team8.ch\/wp-content\/uploads\/2017\/02\/10-1-768x200.jpg 768w, https:\/\/ryf2.team8.ch\/wp-content\/uploads\/2017\/02\/10-1-1024x267.jpg 1024w, https:\/\/ryf2.team8.ch\/wp-content\/uploads\/2017\/02\/10-1-600x156.jpg 600w\" sizes=\"auto, (max-width: 1920px) 100vw, 1920px\" \/><\/div><\/div><\/div><\/div><\/div>\t\t\t<script type=\"text\/javascript\">\n\t\t\t\tjQuery(document).ready(function ($) {\n\t\t\t\t\tif( typeof jQuery('.ult-carousel-297479155369e3a3114b31b').slick == \"function\"){\n\t\t\t\t\t\t$('.ult-carousel-297479155369e3a3114b31b').slick({dots: false,autoplay: true,autoplaySpeed: 5000,speed: 300,infinite: true,arrows: false,slidesToScroll:1,slidesToShow:1,swipe: true,draggable: true,touchMove: true,pauseOnHover: false,pauseOnFocus: false,responsive: [\n\t\t\t\t\t\t\t{\n\t\t\t\t\t\t\t  breakpoint: 1026,\n\t\t\t\t\t\t\t  settings: {\n\t\t\t\t\t\t\t\tslidesToShow: 1,\n\t\t\t\t\t\t\t\tslidesToScroll: 1,  \n\t\t\t\t\t\t\t  }\n\t\t\t\t\t\t\t},\n\t\t\t\t\t\t\t{\n\t\t\t\t\t\t\t  breakpoint: 1025,\n\t\t\t\t\t\t\t  settings: {\n\t\t\t\t\t\t\t\tslidesToShow: 1,\n\t\t\t\t\t\t\t\tslidesToScroll: 1\n\t\t\t\t\t\t\t  }\n\t\t\t\t\t\t\t},\n\t\t\t\t\t\t\t{\n\t\t\t\t\t\t\t  breakpoint: 760,\n\t\t\t\t\t\t\t  settings: {\n\t\t\t\t\t\t\t\tslidesToShow: 1,\n\t\t\t\t\t\t\t\tslidesToScroll: 1\n\t\t\t\t\t\t\t  }\n\t\t\t\t\t\t\t}\n\t\t\t\t\t\t],pauseOnDotsHover: true,customPaging: function(slider, i) {\n                   return '<i type=\"button\" style= \"color:#333333;\" class=\"ultsl-record\" data-role=\"none\"><\/i>';\n                },});\n\t\t\t\t\t}\n\t\t\t\t});\n\t\t\t<\/script>\n\t\t\t<\/div><\/div><\/div><\/div><\/div><\/section><!-- Row Backgrounds --><div class=\"upb_color\" data-bg-override=\"0\" data-bg-color=\"#ffffff\" data-fadeout=\"\" data-fadeout-percentage=\"30\" data-parallax-content=\"\" data-parallax-content-sense=\"30\" data-row-effect-mobile-disable=\"true\" data-img-parallax-mobile-disable=\"true\" data-rtl=\"false\"  data-custom-vc-row=\"\"  data-vc=\"7.6\"  data-is_old_vc=\"\"  data-theme-support=\"\"   data-overlay=\"false\" data-overlay-color=\"\" data-overlay-pattern=\"\" data-overlay-pattern-opacity=\"\" data-overlay-pattern-size=\"\"    data-seperator=\"true\"  data-seperator-type=\"curve_up_seperator\"  data-seperator-shape-size=\"40\"  data-seperator-svg-height=\"125\"  data-seperator-full-width=\"true\" data-seperator-position=\"bottom_seperator\"  data-seperator-background-color=\"#ffffff\"  data-icon=\"\"  ><\/div><section class=\"l-section wpb_row height_small\"><div class=\"l-section-h i-cf\"><div class=\"g-cols vc_row via_flex valign_top type_default stacking_default\"><div class=\"vc_col-sm-12 wpb_column vc_column_container\"><div class=\"vc_column-inner\"><div class=\"wpb_wrapper\"><div class=\"w-image style_shadow-1 align_none\"><a target=\" _blank\" rel=\"nofollow\" href=\"https:\/\/ryf2.team8.ch\/wp-content\/uploads\/2020\/08\/Dr.-Sacha-Ryf-Krankenkassen-2021-2.pdf\" aria-label=\"Dr. Sacha Ryf Krankenkassen 2022 VVG_Seite_1\" class=\"w-image-h\"><img decoding=\"async\" width=\"2048\" height=\"1448\" src=\"https:\/\/ryf2.team8.ch\/wp-content\/uploads\/2022\/01\/Dr.-Sacha-Ryf-Krankenkassen-2022-VVG_Seite_1.jpg\" class=\"attachment-full size-full\" alt=\"\" loading=\"lazy\" \/><\/a><\/div><div class=\"ult-spacer spacer-69e3a3114db09\" data-id=\"69e3a3114db09\" data-height=\"50\" data-height-mobile=\"50\" data-height-tab=\"50\" data-height-tab-portrait=\"\" data-height-mobile-landscape=\"\" style=\"clear:both;display:block;\"><\/div><div class=\"w-image style_shadow-1 align_none\"><a target=\" _blank\" rel=\"nofollow\" href=\"https:\/\/ryf2.team8.ch\/wp-content\/uploads\/2020\/08\/Dr.-Sacha-Ryf-Krankenkassen-2021-2.pdf\" aria-label=\"Dr. Sacha Ryf Krankenkassen 2022 VVG_Seite_2\" class=\"w-image-h\"><img decoding=\"async\" width=\"2048\" height=\"1448\" src=\"https:\/\/ryf2.team8.ch\/wp-content\/uploads\/2022\/01\/Dr.-Sacha-Ryf-Krankenkassen-2022-VVG_Seite_2.jpg\" class=\"attachment-full size-full\" alt=\"\" loading=\"lazy\" \/><\/a><\/div><\/div><\/div><\/div><\/div><\/div><\/section><section class=\"l-section wpb_row height_medium\"><div class=\"l-section-h i-cf\"><div class=\"g-cols vc_row via_flex valign_top type_default stacking_default\"><div class=\"vc_col-sm-12 wpb_column vc_column_container\"><div class=\"vc_column-inner\"><div class=\"wpb_wrapper\"><div class=\"aio-icon-component    style_2\"><a class=\"aio-icon-box-link\" href=\"https:\/\/ryf2.team8.ch\/wp-content\/uploads\/2022\/01\/Dr.-Sacha-Ryf-Krankenkassen-2022-VVG.pdf\" target=\"_blank\" rel=\"noopener\" ><div id=\"Info-box-wrap-5020\" class=\"aio-icon-box default-icon\" style=\"\"  ><div class=\"aio-icon-default\"><div class=\"ult-just-icon-wrapper  \"><div class=\"align-icon\" style=\"text-align:center;\">\n<div class=\"aio-icon none \"  style=\"color:#e60d1e;font-size:32px;display:inline-block;\">\n\t<i class=\"Defaults-file-pdf-o\"><\/i>\n<\/div><\/div><\/div><\/div><div class=\"aio-icon-header\" ><h3 class=\"aio-icon-title ult-responsive\"  data-ultimate-target='#Info-box-wrap-5020 .aio-icon-title'  data-responsive-json-new='{\"font-size\":\"desktop:18px;\",\"line-height\":\"desktop:16px;\"}'  style=\"\">Download PDF<\/h3><\/div> <!-- header --><div class=\"aio-icon-description ult-responsive\"  data-ultimate-target='#Info-box-wrap-5020 .aio-icon-description'  data-responsive-json-new='{\"font-size\":\"\",\"line-height\":\"\"}'  style=\"\"><a href=\"https:\/\/ryf2.team8.ch\/wp-content\/uploads\/2022\/01\/Dr.-Sacha-Ryf-Krankenkassen-2022-VVG.pdf\">Caisses maladies 2022<\/a><\/div> <!-- description --><\/div> <!-- aio-icon-box --><\/a><\/div> <!-- aio-icon-component --><\/div><\/div><\/div><\/div><\/div><\/section>\n","protected":false},"excerpt":{"rendered":"Download PDF Caisses maladies 2022","protected":false},"author":1,"featured_media":0,"parent":952,"menu_order":0,"comment_status":"closed","ping_status":"closed","template":"","meta":{"footnotes":""},"class_list":["post-960","page","type-page","status-publish","hentry"],"yoast_head":"<!-- This site is optimized with the Yoast SEO plugin v26.4 - https:\/\/yoast.com\/wordpress\/plugins\/seo\/ -->\n<title>Primes - Dr. med. dent. Sacha Ryf<\/title>\n<meta name=\"description\" content=\"Neu: Leistungs\u00fcbersicht 2021 - Was bezahlt meine Krankenkasse f\u00fcr die Spange und f\u00fcr die kieferorthop\u00e4dische Behandlung ? Alle Leistungen der Krankenkassen.\" \/>\n<meta name=\"robots\" content=\"noindex, follow, max-snippet:-1, max-image-preview:large, max-video-preview:-1\" \/>\n<meta property=\"og:locale\" content=\"fr_FR\" \/>\n<meta property=\"og:type\" content=\"article\" \/>\n<meta property=\"og:title\" content=\"Primes - Dr. med. dent. Sacha Ryf\" \/>\n<meta property=\"og:description\" content=\"Neu: Leistungs\u00fcbersicht 2021 - Was bezahlt meine Krankenkasse f\u00fcr die Spange und f\u00fcr die kieferorthop\u00e4dische Behandlung ? Alle Leistungen der Krankenkassen.\" \/>\n<meta property=\"og:url\" content=\"https:\/\/ryf2.team8.ch\/fr\/assurances\/primes\/\" \/>\n<meta property=\"og:site_name\" content=\"Dr. med. dent. Sacha Ryf\" \/>\n<meta property=\"article:publisher\" content=\"https:\/\/www.facebook.com\/Dr-med-dent-Sacha-Ryf-Fachzahnarzt-f%c3%bcr-Kieferorthop%c3%a4die-CH-297929510749713\" \/>\n<meta property=\"article:modified_time\" content=\"2022-01-02T22:02:19+00:00\" \/>\n<meta name=\"twitter:card\" content=\"summary_large_image\" \/>\n<meta name=\"twitter:label1\" content=\"Dur\u00e9e de lecture estim\u00e9e\" \/>\n\t<meta name=\"twitter:data1\" content=\"2 minutes\" \/>\n<script type=\"application\/ld+json\" class=\"yoast-schema-graph\">{\"@context\":\"https:\/\/schema.org\",\"@graph\":[{\"@type\":\"WebPage\",\"@id\":\"https:\/\/ryf2.team8.ch\/fr\/assurances\/primes\/\",\"url\":\"https:\/\/ryf2.team8.ch\/fr\/assurances\/primes\/\",\"name\":\"Primes - Dr. med. dent. Sacha Ryf\",\"isPartOf\":{\"@id\":\"https:\/\/ryf2.team8.ch\/#website\"},\"datePublished\":\"2017-03-14T12:37:57+00:00\",\"dateModified\":\"2022-01-02T22:02:19+00:00\",\"description\":\"Neu: Leistungs\u00fcbersicht 2021 - Was bezahlt meine Krankenkasse f\u00fcr die Spange und f\u00fcr die kieferorthop\u00e4dische Behandlung ? Alle Leistungen der Krankenkassen.\",\"breadcrumb\":{\"@id\":\"https:\/\/ryf2.team8.ch\/fr\/assurances\/primes\/#breadcrumb\"},\"inLanguage\":\"fr-FR\",\"potentialAction\":[{\"@type\":\"ReadAction\",\"target\":[\"https:\/\/ryf2.team8.ch\/fr\/assurances\/primes\/\"]}]},{\"@type\":\"BreadcrumbList\",\"@id\":\"https:\/\/ryf2.team8.ch\/fr\/assurances\/primes\/#breadcrumb\",\"itemListElement\":[{\"@type\":\"ListItem\",\"position\":1,\"name\":\"Startseite\",\"item\":\"https:\/\/ryf2.team8.ch\/fr\/\"},{\"@type\":\"ListItem\",\"position\":2,\"name\":\"Assurances\",\"item\":\"https:\/\/ryf2.team8.ch\/fr\/assurances\/\"},{\"@type\":\"ListItem\",\"position\":3,\"name\":\"Primes\"}]},{\"@type\":\"WebSite\",\"@id\":\"https:\/\/ryf2.team8.ch\/#website\",\"url\":\"https:\/\/ryf2.team8.ch\/\",\"name\":\"Dr. med. dent. Sacha Ryf\",\"description\":\"Fachzahnarzt f\u00fcr Kieferorthop\u00e4die (CH) Biel \/ Bienne\",\"publisher\":{\"@id\":\"https:\/\/ryf2.team8.ch\/#organization\"},\"potentialAction\":[{\"@type\":\"SearchAction\",\"target\":{\"@type\":\"EntryPoint\",\"urlTemplate\":\"https:\/\/ryf2.team8.ch\/?s={search_term_string}\"},\"query-input\":{\"@type\":\"PropertyValueSpecification\",\"valueRequired\":true,\"valueName\":\"search_term_string\"}}],\"inLanguage\":\"fr-FR\"},{\"@type\":\"Organization\",\"@id\":\"https:\/\/ryf2.team8.ch\/#organization\",\"name\":\"Dr. Sacha Ryf\",\"url\":\"https:\/\/ryf2.team8.ch\/\",\"logo\":{\"@type\":\"ImageObject\",\"inLanguage\":\"fr-FR\",\"@id\":\"https:\/\/ryf2.team8.ch\/#\/schema\/logo\/image\/\",\"url\":\"https:\/\/ryf2.team8.ch\/wp-content\/uploads\/2019\/01\/ryf-logo-mobile.png\",\"contentUrl\":\"https:\/\/ryf2.team8.ch\/wp-content\/uploads\/2019\/01\/ryf-logo-mobile.png\",\"width\":150,\"height\":150,\"caption\":\"Dr. Sacha Ryf\"},\"image\":{\"@id\":\"https:\/\/ryf2.team8.ch\/#\/schema\/logo\/image\/\"},\"sameAs\":[\"https:\/\/www.facebook.com\/Dr-med-dent-Sacha-Ryf-Fachzahnarzt-f\u00fcr-Kieferorthop\u00e4die-CH-297929510749713\",\"https:\/\/www.instagram.com\/dr.sacharyf\/\"]}]}<\/script>\n<!-- \/ Yoast SEO plugin. -->","yoast_head_json":{"title":"Primes - Dr. med. dent. Sacha Ryf","description":"Neu: Leistungs\u00fcbersicht 2021 - Was bezahlt meine Krankenkasse f\u00fcr die Spange und f\u00fcr die kieferorthop\u00e4dische Behandlung ? Alle Leistungen der Krankenkassen.","robots":{"index":"noindex","follow":"follow","max-snippet":"max-snippet:-1","max-image-preview":"max-image-preview:large","max-video-preview":"max-video-preview:-1"},"og_locale":"fr_FR","og_type":"article","og_title":"Primes - Dr. med. dent. Sacha Ryf","og_description":"Neu: Leistungs\u00fcbersicht 2021 - Was bezahlt meine Krankenkasse f\u00fcr die Spange und f\u00fcr die kieferorthop\u00e4dische Behandlung ? Alle Leistungen der Krankenkassen.","og_url":"https:\/\/ryf2.team8.ch\/fr\/assurances\/primes\/","og_site_name":"Dr. med. dent. Sacha Ryf","article_publisher":"https:\/\/www.facebook.com\/Dr-med-dent-Sacha-Ryf-Fachzahnarzt-f%c3%bcr-Kieferorthop%c3%a4die-CH-297929510749713","article_modified_time":"2022-01-02T22:02:19+00:00","twitter_card":"summary_large_image","twitter_misc":{"Dur\u00e9e de lecture estim\u00e9e":"2 minutes"},"schema":{"@context":"https:\/\/schema.org","@graph":[{"@type":"WebPage","@id":"https:\/\/ryf2.team8.ch\/fr\/assurances\/primes\/","url":"https:\/\/ryf2.team8.ch\/fr\/assurances\/primes\/","name":"Primes - Dr. med. dent. Sacha Ryf","isPartOf":{"@id":"https:\/\/ryf2.team8.ch\/#website"},"datePublished":"2017-03-14T12:37:57+00:00","dateModified":"2022-01-02T22:02:19+00:00","description":"Neu: Leistungs\u00fcbersicht 2021 - Was bezahlt meine Krankenkasse f\u00fcr die Spange und f\u00fcr die kieferorthop\u00e4dische Behandlung ? Alle Leistungen der Krankenkassen.","breadcrumb":{"@id":"https:\/\/ryf2.team8.ch\/fr\/assurances\/primes\/#breadcrumb"},"inLanguage":"fr-FR","potentialAction":[{"@type":"ReadAction","target":["https:\/\/ryf2.team8.ch\/fr\/assurances\/primes\/"]}]},{"@type":"BreadcrumbList","@id":"https:\/\/ryf2.team8.ch\/fr\/assurances\/primes\/#breadcrumb","itemListElement":[{"@type":"ListItem","position":1,"name":"Startseite","item":"https:\/\/ryf2.team8.ch\/fr\/"},{"@type":"ListItem","position":2,"name":"Assurances","item":"https:\/\/ryf2.team8.ch\/fr\/assurances\/"},{"@type":"ListItem","position":3,"name":"Primes"}]},{"@type":"WebSite","@id":"https:\/\/ryf2.team8.ch\/#website","url":"https:\/\/ryf2.team8.ch\/","name":"Dr. med. dent. Sacha Ryf","description":"Fachzahnarzt f\u00fcr Kieferorthop\u00e4die (CH) Biel \/ Bienne","publisher":{"@id":"https:\/\/ryf2.team8.ch\/#organization"},"potentialAction":[{"@type":"SearchAction","target":{"@type":"EntryPoint","urlTemplate":"https:\/\/ryf2.team8.ch\/?s={search_term_string}"},"query-input":{"@type":"PropertyValueSpecification","valueRequired":true,"valueName":"search_term_string"}}],"inLanguage":"fr-FR"},{"@type":"Organization","@id":"https:\/\/ryf2.team8.ch\/#organization","name":"Dr. Sacha Ryf","url":"https:\/\/ryf2.team8.ch\/","logo":{"@type":"ImageObject","inLanguage":"fr-FR","@id":"https:\/\/ryf2.team8.ch\/#\/schema\/logo\/image\/","url":"https:\/\/ryf2.team8.ch\/wp-content\/uploads\/2019\/01\/ryf-logo-mobile.png","contentUrl":"https:\/\/ryf2.team8.ch\/wp-content\/uploads\/2019\/01\/ryf-logo-mobile.png","width":150,"height":150,"caption":"Dr. Sacha Ryf"},"image":{"@id":"https:\/\/ryf2.team8.ch\/#\/schema\/logo\/image\/"},"sameAs":["https:\/\/www.facebook.com\/Dr-med-dent-Sacha-Ryf-Fachzahnarzt-f\u00fcr-Kieferorthop\u00e4die-CH-297929510749713","https:\/\/www.instagram.com\/dr.sacharyf\/"]}]}},"_links":{"self":[{"href":"https:\/\/ryf2.team8.ch\/fr\/wp-json\/wp\/v2\/pages\/960","targetHints":{"allow":["GET"]}}],"collection":[{"href":"https:\/\/ryf2.team8.ch\/fr\/wp-json\/wp\/v2\/pages"}],"about":[{"href":"https:\/\/ryf2.team8.ch\/fr\/wp-json\/wp\/v2\/types\/page"}],"author":[{"embeddable":true,"href":"https:\/\/ryf2.team8.ch\/fr\/wp-json\/wp\/v2\/users\/1"}],"replies":[{"embeddable":true,"href":"https:\/\/ryf2.team8.ch\/fr\/wp-json\/wp\/v2\/comments?post=960"}],"version-history":[{"count":0,"href":"https:\/\/ryf2.team8.ch\/fr\/wp-json\/wp\/v2\/pages\/960\/revisions"}],"up":[{"embeddable":true,"href":"https:\/\/ryf2.team8.ch\/fr\/wp-json\/wp\/v2\/pages\/952"}],"wp:attachment":[{"href":"https:\/\/ryf2.team8.ch\/fr\/wp-json\/wp\/v2\/media?parent=960"}],"curies":[{"name":"wp","href":"https:\/\/api.w.org\/{rel}","templated":true}]}}